{"id":996,"date":"2024-11-07T00:52:54","date_gmt":"2024-11-06T23:52:54","guid":{"rendered":"http:\/\/mardelbusto.es\/o-que-visitar\/"},"modified":"2024-11-13T03:36:19","modified_gmt":"2024-11-13T02:36:19","slug":"o-que-visitar","status":"publish","type":"page","link":"https:\/\/mardelbusto.es\/pt-pt\/o-que-visitar\/","title":{"rendered":"O que visitar"},"content":{"rendered":"\t\t<div data-elementor-type=\"wp-page\" data-elementor-id=\"996\" class=\"elementor elementor-996 elementor-151\" data-elementor-post-type=\"page\">\n\t\t\t\t<div class=\"elementor-element elementor-element-1edce26 e-con-full e-flex e-con e-parent\" data-id=\"1edce26\" data-element_type=\"container\" data-settings=\"{&quot;background_background&quot;:&quot;classic&quot;}\">\n\t\t<div class=\"elementor-element elementor-element-c4f4aa7 e-con-full e-flex e-con e-child\" data-id=\"c4f4aa7\" data-element_type=\"container\" data-settings=\"{&quot;background_background&quot;:&quot;classic&quot;}\">\n\t\t\t\t<\/div>\n\t\t\t\t<\/div>\n\t\t<div class=\"elementor-element elementor-element-a35ac67 e-flex e-con-boxed e-con e-parent\" data-id=\"a35ac67\" data-element_type=\"container\">\n\t\t\t\t\t<div class=\"e-con-inner\">\n\t\t<div class=\"elementor-element elementor-element-eab443f e-con-full e-flex e-con e-child\" data-id=\"eab443f\" data-element_type=\"container\">\n\t\t\t\t<div class=\"elementor-element elementor-element-f6ed1f5 elementor-widget elementor-widget-image\" data-id=\"f6ed1f5\" data-element_type=\"widget\" data-widget_type=\"image.default\">\n\t\t\t\t<div class=\"elementor-widget-container\">\n\t\t\t\t\t\t\t\t\t\t\t\t\t\t\t<img fetchpriority=\"high\" decoding=\"async\" width=\"800\" height=\"498\" src=\"https:\/\/mardelbusto.es\/wp-content\/uploads\/2024\/11\/luanco-.jpg\" class=\"attachment-large size-large wp-image-276\" alt=\"\" srcset=\"https:\/\/mardelbusto.es\/wp-content\/uploads\/2024\/11\/luanco-.jpg 1024w, https:\/\/mardelbusto.es\/wp-content\/uploads\/2024\/11\/luanco--300x187.jpg 300w, https:\/\/mardelbusto.es\/wp-content\/uploads\/2024\/11\/luanco--768x478.jpg 768w\" sizes=\"(max-width: 800px) 100vw, 800px\" \/>\t\t\t\t\t\t\t\t\t\t\t\t\t\t\t<\/div>\n\t\t\t\t<\/div>\n\t\t\t\t<\/div>\n\t\t<div class=\"elementor-element elementor-element-87bb8e4 e-con-full e-flex e-con e-child\" data-id=\"87bb8e4\" data-element_type=\"container\">\n\t\t\t\t<div class=\"elementor-element elementor-element-59f6702 elementor-widget elementor-widget-text-editor\" data-id=\"59f6702\" data-element_type=\"widget\" data-widget_type=\"text-editor.default\">\n\t\t\t\t<div class=\"elementor-widget-container\">\n\t\t\t\t\t\t\t\t\t<p>A localiza\u00e7\u00e3o privilegiada do munic\u00edpio de Carre\u00f1o, no centro das Ast\u00farias e dentro da comunidade de Cabo Pe\u00f1as, permite-te aceder facilmente a v\u00e1rios destinos de interesse. Os Apartamentos Rurais Mar del Busto, situados em El Cantu, encontram-se a apenas 2,5 km da rotunda de Tabaza, o que facilita o acesso em poucos minutos aos principais centros urbanos da regi\u00e3o: Avil\u00e9s (9 km), Gij\u00f3n (11 km), Oviedo (24 km), Cand\u00e1s (6 km), a Cidade de F\u00e9rias de Perlora (7 km), Luanco (10 km) e Salinas (17 km). Para al\u00e9m disso, o emblem\u00e1tico Cabo Pe\u00f1as, um local excelente para admirar a costa asturiana, fica a cerca de 19 km.  <\/p>\n\t\t\t\t\t\t\t\t<\/div>\n\t\t\t\t<\/div>\n\t\t\t\t<\/div>\n\t\t\t\t\t<\/div>\n\t\t\t\t<\/div>\n\t\t<div class=\"elementor-element elementor-element-fededb2 e-flex e-con-boxed e-con e-parent\" data-id=\"fededb2\" data-element_type=\"container\" data-settings=\"{&quot;background_background&quot;:&quot;classic&quot;}\">\n\t\t\t\t\t<div class=\"e-con-inner\">\n\t\t<div class=\"elementor-element elementor-element-e51f0fe e-con-full e-flex e-con e-child\" data-id=\"e51f0fe\" data-element_type=\"container\">\n\t\t\t\t<div class=\"elementor-element elementor-element-28a2006 elementor-widget elementor-widget-text-editor\" data-id=\"28a2006\" data-element_type=\"widget\" data-widget_type=\"text-editor.default\">\n\t\t\t\t<div class=\"elementor-widget-container\">\n\t\t\t\t\t\t\t\t\t<p>Para aqueles que gostam de praia, esta \u00e1rea oferece uma variedade de op\u00e7\u00f5es a uma curta dist\u00e2ncia. Podes visitar a Praia de Cand\u00e1s e G\u00faelgues (7 km), a Praia de Carranques (8 km), a Praia de Tranquero, a Praia de Los Cristales e a Praia de Aramar (9 km), a Praia de Luanco (11 km), a Praia de Ba\u00f1ugues (13 km), ou a Praia de Verdicio e Xago (16 km). Tamb\u00e9m podes desfrutar da conhecida praia de Salinas a apenas 17 km, perfeita para um dia de mar e sol.  <\/p>\n<p>O Aeroporto das Ast\u00farias encontra-se a 24 km, facilitando as liga\u00e7\u00f5es nacionais e internacionais. Al\u00e9m disso, para aqueles que procuram op\u00e7\u00f5es de compras, os principais centros comerciais da prov\u00edncia, como o Parque Astur e o Parque Principado, est\u00e3o a apenas 6 km e 23 km, respetivamente, oferecendo lojas, lazer e servi\u00e7os de todos os tipos para complementar a tua estadia. <\/p>\n\t\t\t\t\t\t\t\t<\/div>\n\t\t\t\t<\/div>\n\t\t\t\t<\/div>\n\t\t<div class=\"elementor-element elementor-element-ea6cb15 e-con-full e-flex e-con e-child\" data-id=\"ea6cb15\" data-element_type=\"container\">\n\t\t\t\t<div class=\"elementor-element elementor-element-fe7759d elementor-widget elementor-widget-image\" data-id=\"fe7759d\" data-element_type=\"widget\" data-widget_type=\"image.default\">\n\t\t\t\t<div class=\"elementor-widget-container\">\n\t\t\t\t\t\t\t\t\t\t\t\t\t\t\t<img decoding=\"async\" width=\"800\" height=\"500\" src=\"https:\/\/mardelbusto.es\/wp-content\/uploads\/2024\/11\/IMG-BWFAGZ5-1024x640.jpg\" class=\"attachment-large size-large wp-image-71\" alt=\"\" srcset=\"https:\/\/mardelbusto.es\/wp-content\/uploads\/2024\/11\/IMG-BWFAGZ5-1024x640.jpg 1024w, https:\/\/mardelbusto.es\/wp-content\/uploads\/2024\/11\/IMG-BWFAGZ5-300x188.jpg 300w, https:\/\/mardelbusto.es\/wp-content\/uploads\/2024\/11\/IMG-BWFAGZ5-768x480.jpg 768w, https:\/\/mardelbusto.es\/wp-content\/uploads\/2024\/11\/IMG-BWFAGZ5-1536x960.jpg 1536w, https:\/\/mardelbusto.es\/wp-content\/uploads\/2024\/11\/IMG-BWFAGZ5.jpg 1800w\" sizes=\"(max-width: 800px) 100vw, 800px\" \/>\t\t\t\t\t\t\t\t\t\t\t\t\t\t\t<\/div>\n\t\t\t\t<\/div>\n\t\t\t\t<\/div>\n\t\t\t\t\t<\/div>\n\t\t\t\t<\/div>\n\t\t<div class=\"elementor-element elementor-element-de83bb2 e-flex e-con-boxed e-con e-parent\" data-id=\"de83bb2\" data-element_type=\"container\" data-settings=\"{&quot;background_background&quot;:&quot;classic&quot;}\">\n\t\t\t\t\t<div class=\"e-con-inner\">\n\t\t<div class=\"elementor-element elementor-element-95d36d8 e-con-full e-flex e-con e-child\" data-id=\"95d36d8\" data-element_type=\"container\">\n\t\t<div class=\"elementor-element elementor-element-2773c15 e-con-full e-flex e-con e-child\" data-id=\"2773c15\" data-element_type=\"container\" data-settings=\"{&quot;background_background&quot;:&quot;classic&quot;}\">\n\t\t\t\t<div class=\"elementor-element elementor-element-08b75cc elementor-widget elementor-widget-heading\" data-id=\"08b75cc\" data-element_type=\"widget\" data-widget_type=\"heading.default\">\n\t\t\t\t<div class=\"elementor-widget-container\">\n\t\t\t\t\t<span class=\"elementor-heading-title elementor-size-default\">Cabo Pe\u00f1as<\/span>\t\t\t\t<\/div>\n\t\t\t\t<\/div>\n\t\t\t\t<div class=\"elementor-element elementor-element-ef02bb0 elementor-align-center elementor-widget elementor-widget-button\" data-id=\"ef02bb0\" data-element_type=\"widget\" data-widget_type=\"button.default\">\n\t\t\t\t<div class=\"elementor-widget-container\">\n\t\t\t\t\t\t\t\t\t<div class=\"elementor-button-wrapper\">\n\t\t\t\t\t<a class=\"elementor-button elementor-button-link elementor-size-sm\" href=\"https:\/\/www.turismoasturias.es\/turismo-rural\/centro\/itinerario1\" target=\"_blank\" rel=\"nofollow\">\n\t\t\t\t\t\t<span class=\"elementor-button-content-wrapper\">\n\t\t\t\t\t\t\t\t\t<span class=\"elementor-button-text\">Visita o link<\/span>\n\t\t\t\t\t<\/span>\n\t\t\t\t\t<\/a>\n\t\t\t\t<\/div>\n\t\t\t\t\t\t\t\t<\/div>\n\t\t\t\t<\/div>\n\t\t\t\t<\/div>\n\t\t<div class=\"elementor-element elementor-element-0d0e11a e-con-full e-flex e-con e-child\" data-id=\"0d0e11a\" data-element_type=\"container\" data-settings=\"{&quot;background_background&quot;:&quot;classic&quot;}\">\n\t\t\t\t<div class=\"elementor-element elementor-element-8c683a6 elementor-widget elementor-widget-heading\" data-id=\"8c683a6\" data-element_type=\"widget\" data-widget_type=\"heading.default\">\n\t\t\t\t<div class=\"elementor-widget-container\">\n\t\t\t\t\t<span class=\"elementor-heading-title elementor-size-default\">Aviles<\/span>\t\t\t\t<\/div>\n\t\t\t\t<\/div>\n\t\t\t\t<div class=\"elementor-element elementor-element-4120923 elementor-align-center elementor-widget elementor-widget-button\" data-id=\"4120923\" data-element_type=\"widget\" data-widget_type=\"button.default\">\n\t\t\t\t<div class=\"elementor-widget-container\">\n\t\t\t\t\t\t\t\t\t<div class=\"elementor-button-wrapper\">\n\t\t\t\t\t<a class=\"elementor-button elementor-button-link elementor-size-sm\" href=\"https:\/\/www.turismoasturias.es\/descubre\/ciudades\/aviles\" target=\"_blank\" rel=\"nofollow\">\n\t\t\t\t\t\t<span class=\"elementor-button-content-wrapper\">\n\t\t\t\t\t\t\t\t\t<span class=\"elementor-button-text\">Visita o link<\/span>\n\t\t\t\t\t<\/span>\n\t\t\t\t\t<\/a>\n\t\t\t\t<\/div>\n\t\t\t\t\t\t\t\t<\/div>\n\t\t\t\t<\/div>\n\t\t\t\t<\/div>\n\t\t<div class=\"elementor-element elementor-element-57414f3 e-con-full e-flex e-con e-child\" data-id=\"57414f3\" data-element_type=\"container\" data-settings=\"{&quot;background_background&quot;:&quot;classic&quot;}\">\n\t\t\t\t<div class=\"elementor-element elementor-element-a9c497e elementor-widget elementor-widget-heading\" data-id=\"a9c497e\" data-element_type=\"widget\" data-widget_type=\"heading.default\">\n\t\t\t\t<div class=\"elementor-widget-container\">\n\t\t\t\t\t<span class=\"elementor-heading-title elementor-size-default\">Gij\u00f3n<\/span>\t\t\t\t<\/div>\n\t\t\t\t<\/div>\n\t\t\t\t<div class=\"elementor-element elementor-element-bea7096 elementor-align-center elementor-widget elementor-widget-button\" data-id=\"bea7096\" data-element_type=\"widget\" data-widget_type=\"button.default\">\n\t\t\t\t<div class=\"elementor-widget-container\">\n\t\t\t\t\t\t\t\t\t<div class=\"elementor-button-wrapper\">\n\t\t\t\t\t<a class=\"elementor-button elementor-button-link elementor-size-sm\" href=\"https:\/\/www.turismoasturias.es\/descubre\/ciudades\/gijon\" target=\"_blank\" rel=\"nofollow\">\n\t\t\t\t\t\t<span class=\"elementor-button-content-wrapper\">\n\t\t\t\t\t\t\t\t\t<span class=\"elementor-button-text\">Visita o link<\/span>\n\t\t\t\t\t<\/span>\n\t\t\t\t\t<\/a>\n\t\t\t\t<\/div>\n\t\t\t\t\t\t\t\t<\/div>\n\t\t\t\t<\/div>\n\t\t\t\t<\/div>\n\t\t<div class=\"elementor-element elementor-element-556c215 e-con-full e-flex e-con e-child\" data-id=\"556c215\" data-element_type=\"container\" data-settings=\"{&quot;background_background&quot;:&quot;classic&quot;}\">\n\t\t\t\t<div class=\"elementor-element elementor-element-246eecf elementor-widget elementor-widget-heading\" data-id=\"246eecf\" data-element_type=\"widget\" data-widget_type=\"heading.default\">\n\t\t\t\t<div class=\"elementor-widget-container\">\n\t\t\t\t\t<span class=\"elementor-heading-title elementor-size-default\">Oviedo<\/span>\t\t\t\t<\/div>\n\t\t\t\t<\/div>\n\t\t\t\t<div class=\"elementor-element elementor-element-1a4c758 elementor-align-center elementor-widget elementor-widget-button\" data-id=\"1a4c758\" data-element_type=\"widget\" data-widget_type=\"button.default\">\n\t\t\t\t<div class=\"elementor-widget-container\">\n\t\t\t\t\t\t\t\t\t<div class=\"elementor-button-wrapper\">\n\t\t\t\t\t<a class=\"elementor-button elementor-button-link elementor-size-sm\" href=\"https:\/\/www.turismoasturias.es\/descubre\/ciudades\/oviedo\" target=\"_blank\" rel=\"nofollow\">\n\t\t\t\t\t\t<span class=\"elementor-button-content-wrapper\">\n\t\t\t\t\t\t\t\t\t<span class=\"elementor-button-text\">Visita o link<\/span>\n\t\t\t\t\t<\/span>\n\t\t\t\t\t<\/a>\n\t\t\t\t<\/div>\n\t\t\t\t\t\t\t\t<\/div>\n\t\t\t\t<\/div>\n\t\t\t\t<\/div>\n\t\t\t\t<\/div>\n\t\t<div class=\"elementor-element elementor-element-b3c14e0 e-con-full e-flex e-con e-child\" data-id=\"b3c14e0\" data-element_type=\"container\">\n\t\t<div class=\"elementor-element elementor-element-bee60d8 e-con-full e-flex e-con e-child\" data-id=\"bee60d8\" data-element_type=\"container\" data-settings=\"{&quot;background_background&quot;:&quot;classic&quot;}\">\n\t\t\t\t<div class=\"elementor-element elementor-element-db93dec elementor-widget elementor-widget-heading\" data-id=\"db93dec\" data-element_type=\"widget\" data-widget_type=\"heading.default\">\n\t\t\t\t<div class=\"elementor-widget-container\">\n\t\t\t\t\t<span class=\"elementor-heading-title elementor-size-default\">Candas<\/span>\t\t\t\t<\/div>\n\t\t\t\t<\/div>\n\t\t\t\t<div class=\"elementor-element elementor-element-3d09865 elementor-align-center elementor-widget elementor-widget-button\" data-id=\"3d09865\" data-element_type=\"widget\" data-widget_type=\"button.default\">\n\t\t\t\t<div class=\"elementor-widget-container\">\n\t\t\t\t\t\t\t\t\t<div class=\"elementor-button-wrapper\">\n\t\t\t\t\t<a class=\"elementor-button elementor-button-link elementor-size-sm\" href=\"https:\/\/www.turismoasturias.es\/descubre\/donde-ir\/municipios\/carreno\" target=\"_blank\" rel=\"nofollow\">\n\t\t\t\t\t\t<span class=\"elementor-button-content-wrapper\">\n\t\t\t\t\t\t\t\t\t<span class=\"elementor-button-text\">Visita o link<\/span>\n\t\t\t\t\t<\/span>\n\t\t\t\t\t<\/a>\n\t\t\t\t<\/div>\n\t\t\t\t\t\t\t\t<\/div>\n\t\t\t\t<\/div>\n\t\t\t\t<\/div>\n\t\t<div class=\"elementor-element elementor-element-068f33a e-con-full e-flex e-con e-child\" data-id=\"068f33a\" data-element_type=\"container\" data-settings=\"{&quot;background_background&quot;:&quot;classic&quot;}\">\n\t\t\t\t<div class=\"elementor-element elementor-element-b62674d elementor-widget elementor-widget-heading\" data-id=\"b62674d\" data-element_type=\"widget\" data-widget_type=\"heading.default\">\n\t\t\t\t<div class=\"elementor-widget-container\">\n\t\t\t\t\t<span class=\"elementor-heading-title elementor-size-default\">Luanco<\/span>\t\t\t\t<\/div>\n\t\t\t\t<\/div>\n\t\t\t\t<div class=\"elementor-element elementor-element-46c3e22 elementor-align-center elementor-widget elementor-widget-button\" data-id=\"46c3e22\" data-element_type=\"widget\" data-widget_type=\"button.default\">\n\t\t\t\t<div class=\"elementor-widget-container\">\n\t\t\t\t\t\t\t\t\t<div class=\"elementor-button-wrapper\">\n\t\t\t\t\t<a class=\"elementor-button elementor-button-link elementor-size-sm\" href=\"https:\/\/www.turismoasturias.es\/descubre\/donde-ir\/municipios\/gozon\" target=\"_blank\" rel=\"nofollow\">\n\t\t\t\t\t\t<span class=\"elementor-button-content-wrapper\">\n\t\t\t\t\t\t\t\t\t<span class=\"elementor-button-text\">Visita o link<\/span>\n\t\t\t\t\t<\/span>\n\t\t\t\t\t<\/a>\n\t\t\t\t<\/div>\n\t\t\t\t\t\t\t\t<\/div>\n\t\t\t\t<\/div>\n\t\t\t\t<\/div>\n\t\t<div class=\"elementor-element elementor-element-f0e1e6f e-con-full e-flex e-con e-child\" data-id=\"f0e1e6f\" data-element_type=\"container\" data-settings=\"{&quot;background_background&quot;:&quot;classic&quot;}\">\n\t\t\t\t<div class=\"elementor-element elementor-element-7422a4f elementor-widget elementor-widget-heading\" data-id=\"7422a4f\" data-element_type=\"widget\" data-widget_type=\"heading.default\">\n\t\t\t\t<div class=\"elementor-widget-container\">\n\t\t\t\t\t<span class=\"elementor-heading-title elementor-size-default\">Salinas<\/span>\t\t\t\t<\/div>\n\t\t\t\t<\/div>\n\t\t\t\t<div class=\"elementor-element elementor-element-46afa12 elementor-align-center elementor-widget elementor-widget-button\" data-id=\"46afa12\" data-element_type=\"widget\" data-widget_type=\"button.default\">\n\t\t\t\t<div class=\"elementor-widget-container\">\n\t\t\t\t\t\t\t\t\t<div class=\"elementor-button-wrapper\">\n\t\t\t\t\t<a class=\"elementor-button elementor-button-link elementor-size-sm\" href=\"https:\/\/www.turismoasturias.es\/descubre\/donde-ir\/municipios\/castrillon\" target=\"_blank\" rel=\"nofollow\">\n\t\t\t\t\t\t<span class=\"elementor-button-content-wrapper\">\n\t\t\t\t\t\t\t\t\t<span class=\"elementor-button-text\">Visita o link<\/span>\n\t\t\t\t\t<\/span>\n\t\t\t\t\t<\/a>\n\t\t\t\t<\/div>\n\t\t\t\t\t\t\t\t<\/div>\n\t\t\t\t<\/div>\n\t\t\t\t<\/div>\n\t\t<div class=\"elementor-element elementor-element-7480a10 e-con-full e-flex e-con e-child\" data-id=\"7480a10\" data-element_type=\"container\" data-settings=\"{&quot;background_background&quot;:&quot;classic&quot;}\">\n\t\t\t\t<div class=\"elementor-element elementor-element-91213ea elementor-widget elementor-widget-heading\" data-id=\"91213ea\" data-element_type=\"widget\" data-widget_type=\"heading.default\">\n\t\t\t\t<div class=\"elementor-widget-container\">\n\t\t\t\t\t<span class=\"elementor-heading-title elementor-size-default\">Natureza Ast\u00farias<\/span>\t\t\t\t<\/div>\n\t\t\t\t<\/div>\n\t\t\t\t<div class=\"elementor-element elementor-element-3a6b6a5 elementor-align-center elementor-widget elementor-widget-button\" data-id=\"3a6b6a5\" data-element_type=\"widget\" data-widget_type=\"button.default\">\n\t\t\t\t<div class=\"elementor-widget-container\">\n\t\t\t\t\t\t\t\t\t<div class=\"elementor-button-wrapper\">\n\t\t\t\t\t<a class=\"elementor-button elementor-button-link elementor-size-sm\" href=\"https:\/\/naturalezadeasturias.es\" target=\"_blank\" rel=\"nofollow\">\n\t\t\t\t\t\t<span class=\"elementor-button-content-wrapper\">\n\t\t\t\t\t\t\t\t\t<span class=\"elementor-button-text\">Visita o link<\/span>\n\t\t\t\t\t<\/span>\n\t\t\t\t\t<\/a>\n\t\t\t\t<\/div>\n\t\t\t\t\t\t\t\t<\/div>\n\t\t\t\t<\/div>\n\t\t\t\t<\/div>\n\t\t\t\t<\/div>\n\t\t\t\t\t<\/div>\n\t\t\t\t<\/div>\n\t\t<div class=\"elementor-element elementor-element-ea50be2 e-flex e-con-boxed e-con e-parent\" data-id=\"ea50be2\" data-element_type=\"container\" data-settings=\"{&quot;background_background&quot;:&quot;classic&quot;}\">\n\t\t\t\t\t<div class=\"e-con-inner\">\n\t\t<div class=\"elementor-element elementor-element-43e7f87 e-con-full e-flex e-con e-child\" data-id=\"43e7f87\" data-element_type=\"container\" data-settings=\"{&quot;background_background&quot;:&quot;classic&quot;}\">\n\t\t\t\t<div class=\"elementor-element elementor-element-cce37df elementor-widget elementor-widget-heading\" data-id=\"cce37df\" data-element_type=\"widget\" data-widget_type=\"heading.default\">\n\t\t\t\t<div class=\"elementor-widget-container\">\n\t\t\t\t\t<h2 class=\"elementor-heading-title elementor-size-default\">Conselhos para desfrutares de um ambiente natural protegido de forma respons\u00e1vel\n\n<\/h2>\t\t\t\t<\/div>\n\t\t\t\t<\/div>\n\t\t\t\t<div class=\"elementor-element elementor-element-3beea1c elementor-widget elementor-widget-text-editor\" data-id=\"3beea1c\" data-element_type=\"widget\" data-widget_type=\"text-editor.default\">\n\t\t\t\t<div class=\"elementor-widget-container\">\n\t\t\t\t\t\t\t\t\t<ol>\n<li><strong>Responsabilidade<\/strong>: As visitas \u00e0s \u00e1reas naturais protegidas devem ser feitas com consci\u00eancia e respeito pelo ambiente.<\/li>\n<li><strong>Planeamento<\/strong>: Informa-te sobre o local a partir de fontes oficiais e verifica a previs\u00e3o meteorol\u00f3gica para estares preparado.<\/li>\n<li><strong>Prepara\u00e7\u00e3o<\/strong>: Usa roupa e cal\u00e7ado adequados para as actividades que planeias e adapta os teus planos \u00e0s tuas capacidades f\u00edsicas.<\/li>\n<li><strong>Preven\u00e7\u00e3o<\/strong>: Respeita as normas de sa\u00fade e seguran\u00e7a em vigor.<\/li>\n<li>Evita <strong>multid\u00f5es<\/strong>: visita a zona em pequenos grupos para minimizar o impacto.<\/li>\n<li><strong>Sa\u00fade<\/strong>: Se n\u00e3o te sentires bem, \u00e9 melhor adiares a tua excurs\u00e3o.<\/li>\n<li><strong>Respeito pela vida selvagem<\/strong>: N\u00e3o interfiras com os animais nem danifiques a vegeta\u00e7\u00e3o; mant\u00e9m uma dist\u00e2ncia de seguran\u00e7a.<\/li>\n<li><strong>N\u00e3o deixes rasto<\/strong>: Leva todo o lixo que produzires e deita-o nos contentores adequados.<\/li>\n<li><strong>Tem considera\u00e7\u00e3o pelos vizinhos<\/strong>: Respeita os costumes locais e evita bloquear estradas ou acessos privados.<\/li>\n<li><strong>Apoia o consumo local<\/strong>: Sempre que poss\u00edvel, compra a empresas locais e contribui para a economia local.<\/li>\n<\/ol>\n\t\t\t\t\t\t\t\t<\/div>\n\t\t\t\t<\/div>\n\t\t\t\t<\/div>\n\t\t\t\t\t<\/div>\n\t\t\t\t<\/div>\n\t\t\t\t<\/div>\n\t\t","protected":false},"excerpt":{"rendered":"<p>A localiza\u00e7\u00e3o privilegiada do munic\u00edpio de Carre\u00f1o, no centro das Ast\u00farias e dentro da comunidade de Cabo Pe\u00f1as, permite-te aceder facilmente a v\u00e1rios destinos de interesse. Os Apartamentos Rurais Mar del Busto, situados em El Cantu, encontram-se a apenas 2,5 km da rotunda de Tabaza, o que facilita o acesso em poucos minutos aos principais [&hellip;]<\/p>\n","protected":false},"author":1,"featured_media":0,"parent":0,"menu_order":0,"comment_status":"closed","ping_status":"closed","template":"","meta":{"footnotes":""},"class_list":["post-996","page","type-page","status-publish","hentry"],"_links":{"self":[{"href":"https:\/\/mardelbusto.es\/pt-pt\/wp-json\/wp\/v2\/pages\/996"}],"collection":[{"href":"https:\/\/mardelbusto.es\/pt-pt\/wp-json\/wp\/v2\/pages"}],"about":[{"href":"https:\/\/mardelbusto.es\/pt-pt\/wp-json\/wp\/v2\/types\/page"}],"author":[{"embeddable":true,"href":"https:\/\/mardelbusto.es\/pt-pt\/wp-json\/wp\/v2\/users\/1"}],"replies":[{"embeddable":true,"href":"https:\/\/mardelbusto.es\/pt-pt\/wp-json\/wp\/v2\/comments?post=996"}],"version-history":[{"count":1,"href":"https:\/\/mardelbusto.es\/pt-pt\/wp-json\/wp\/v2\/pages\/996\/revisions"}],"predecessor-version":[{"id":997,"href":"https:\/\/mardelbusto.es\/pt-pt\/wp-json\/wp\/v2\/pages\/996\/revisions\/997"}],"wp:attachment":[{"href":"https:\/\/mardelbusto.es\/pt-pt\/wp-json\/wp\/v2\/media?parent=996"}],"curies":[{"name":"wp","href":"https:\/\/api.w.org\/{rel}","templated":true}]}}