{"id":994,"date":"2024-11-07T00:52:54","date_gmt":"2024-11-06T23:52:54","guid":{"rendered":"http:\/\/mardelbusto.es\/cosa-visitare\/"},"modified":"2024-11-13T03:36:02","modified_gmt":"2024-11-13T02:36:02","slug":"cosa-visitare","status":"publish","type":"page","link":"https:\/\/mardelbusto.es\/it\/cosa-visitare\/","title":{"rendered":"Cosa visitare"},"content":{"rendered":"\t\t<div data-elementor-type=\"wp-page\" data-elementor-id=\"994\" class=\"elementor elementor-994 elementor-151\" data-elementor-post-type=\"page\">\n\t\t\t\t<div class=\"elementor-element elementor-element-1edce26 e-con-full e-flex e-con e-parent\" data-id=\"1edce26\" data-element_type=\"container\" data-settings=\"{&quot;background_background&quot;:&quot;classic&quot;}\">\n\t\t<div class=\"elementor-element elementor-element-c4f4aa7 e-con-full e-flex e-con e-child\" data-id=\"c4f4aa7\" data-element_type=\"container\" data-settings=\"{&quot;background_background&quot;:&quot;classic&quot;}\">\n\t\t\t\t<\/div>\n\t\t\t\t<\/div>\n\t\t<div class=\"elementor-element elementor-element-a35ac67 e-flex e-con-boxed e-con e-parent\" data-id=\"a35ac67\" data-element_type=\"container\">\n\t\t\t\t\t<div class=\"e-con-inner\">\n\t\t<div class=\"elementor-element elementor-element-eab443f e-con-full e-flex e-con e-child\" data-id=\"eab443f\" data-element_type=\"container\">\n\t\t\t\t<div class=\"elementor-element elementor-element-f6ed1f5 elementor-widget elementor-widget-image\" data-id=\"f6ed1f5\" data-element_type=\"widget\" data-widget_type=\"image.default\">\n\t\t\t\t<div class=\"elementor-widget-container\">\n\t\t\t\t\t\t\t\t\t\t\t\t\t\t\t<img fetchpriority=\"high\" decoding=\"async\" width=\"800\" height=\"498\" src=\"https:\/\/mardelbusto.es\/wp-content\/uploads\/2024\/11\/luanco-.jpg\" class=\"attachment-large size-large wp-image-276\" alt=\"\" srcset=\"https:\/\/mardelbusto.es\/wp-content\/uploads\/2024\/11\/luanco-.jpg 1024w, https:\/\/mardelbusto.es\/wp-content\/uploads\/2024\/11\/luanco--300x187.jpg 300w, https:\/\/mardelbusto.es\/wp-content\/uploads\/2024\/11\/luanco--768x478.jpg 768w\" sizes=\"(max-width: 800px) 100vw, 800px\" \/>\t\t\t\t\t\t\t\t\t\t\t\t\t\t\t<\/div>\n\t\t\t\t<\/div>\n\t\t\t\t<\/div>\n\t\t<div class=\"elementor-element elementor-element-87bb8e4 e-con-full e-flex e-con e-child\" data-id=\"87bb8e4\" data-element_type=\"container\">\n\t\t\t\t<div class=\"elementor-element elementor-element-59f6702 elementor-widget elementor-widget-text-editor\" data-id=\"59f6702\" data-element_type=\"widget\" data-widget_type=\"text-editor.default\">\n\t\t\t\t<div class=\"elementor-widget-container\">\n\t\t\t\t\t\t\t\t\t<p>La posizione privilegiata del comune di Carre\u00f1o, nel centro delle Asturie e all&#8217;interno della comunit\u00e0 di Cabo Pe\u00f1as, permette di raggiungere facilmente diverse destinazioni di interesse. Gli Appartamenti Rurali Mar del Busto, situati a El Cantu, si trovano a soli 2,5 km dalla rotonda di Tabaza, che permette di raggiungere in pochi minuti i principali centri urbani della regione: Avil\u00e9s (9 km), Gij\u00f3n (11 km), Oviedo (24 km), Cand\u00e1s (6 km), la Citt\u00e0 delle Vacanze di Perlora (7 km), Luanco (10 km) e Salinas (17 km). Inoltre, l&#8217;emblematico Cabo Pe\u00f1as, un luogo eccezionale per ammirare la costa asturiana, dista circa 19 km.  <\/p>\n\t\t\t\t\t\t\t\t<\/div>\n\t\t\t\t<\/div>\n\t\t\t\t<\/div>\n\t\t\t\t\t<\/div>\n\t\t\t\t<\/div>\n\t\t<div class=\"elementor-element elementor-element-fededb2 e-flex e-con-boxed e-con e-parent\" data-id=\"fededb2\" data-element_type=\"container\" data-settings=\"{&quot;background_background&quot;:&quot;classic&quot;}\">\n\t\t\t\t\t<div class=\"e-con-inner\">\n\t\t<div class=\"elementor-element elementor-element-e51f0fe e-con-full e-flex e-con e-child\" data-id=\"e51f0fe\" data-element_type=\"container\">\n\t\t\t\t<div class=\"elementor-element elementor-element-28a2006 elementor-widget elementor-widget-text-editor\" data-id=\"28a2006\" data-element_type=\"widget\" data-widget_type=\"text-editor.default\">\n\t\t\t\t<div class=\"elementor-widget-container\">\n\t\t\t\t\t\t\t\t\t<p>Per chi ama la spiaggia, questa zona offre una serie di opzioni raggiungibili a piedi. Puoi visitare la spiaggia di Cand\u00e1s e G\u00faelgues (7 km), la spiaggia di Carranques (8 km), la spiaggia di Tranquero, la spiaggia di Los Cristales e la spiaggia di Aramar (9 km), la spiaggia di Luanco (11 km), la spiaggia di Ba\u00f1ugues (13 km) o la spiaggia di Verdicio e Xago (16 km). Potrai anche goderti la famosa spiaggia di Salinas a soli 17 km di distanza, perfetta per una giornata di mare e sole.  <\/p>\n<p>L&#8217;aeroporto delle Asturie si trova a 24 km di distanza e facilita i collegamenti nazionali e internazionali. Inoltre, per chi \u00e8 alla ricerca di opzioni per lo shopping, i principali centri commerciali della provincia, come il Parque Astur e il Parque Principado, distano rispettivamente solo 6 km e 23 km, offrendo negozi, svaghi e servizi di ogni tipo per completare il tuo soggiorno. <\/p>\n\t\t\t\t\t\t\t\t<\/div>\n\t\t\t\t<\/div>\n\t\t\t\t<\/div>\n\t\t<div class=\"elementor-element elementor-element-ea6cb15 e-con-full e-flex e-con e-child\" data-id=\"ea6cb15\" data-element_type=\"container\">\n\t\t\t\t<div class=\"elementor-element elementor-element-fe7759d elementor-widget elementor-widget-image\" data-id=\"fe7759d\" data-element_type=\"widget\" data-widget_type=\"image.default\">\n\t\t\t\t<div class=\"elementor-widget-container\">\n\t\t\t\t\t\t\t\t\t\t\t\t\t\t\t<img decoding=\"async\" width=\"800\" height=\"500\" src=\"https:\/\/mardelbusto.es\/wp-content\/uploads\/2024\/11\/IMG-BWFAGZ5-1024x640.jpg\" class=\"attachment-large size-large wp-image-71\" alt=\"\" srcset=\"https:\/\/mardelbusto.es\/wp-content\/uploads\/2024\/11\/IMG-BWFAGZ5-1024x640.jpg 1024w, https:\/\/mardelbusto.es\/wp-content\/uploads\/2024\/11\/IMG-BWFAGZ5-300x188.jpg 300w, https:\/\/mardelbusto.es\/wp-content\/uploads\/2024\/11\/IMG-BWFAGZ5-768x480.jpg 768w, https:\/\/mardelbusto.es\/wp-content\/uploads\/2024\/11\/IMG-BWFAGZ5-1536x960.jpg 1536w, https:\/\/mardelbusto.es\/wp-content\/uploads\/2024\/11\/IMG-BWFAGZ5.jpg 1800w\" sizes=\"(max-width: 800px) 100vw, 800px\" \/>\t\t\t\t\t\t\t\t\t\t\t\t\t\t\t<\/div>\n\t\t\t\t<\/div>\n\t\t\t\t<\/div>\n\t\t\t\t\t<\/div>\n\t\t\t\t<\/div>\n\t\t<div class=\"elementor-element elementor-element-de83bb2 e-flex e-con-boxed e-con e-parent\" data-id=\"de83bb2\" data-element_type=\"container\" data-settings=\"{&quot;background_background&quot;:&quot;classic&quot;}\">\n\t\t\t\t\t<div class=\"e-con-inner\">\n\t\t<div class=\"elementor-element elementor-element-95d36d8 e-con-full e-flex e-con e-child\" data-id=\"95d36d8\" data-element_type=\"container\">\n\t\t<div class=\"elementor-element elementor-element-2773c15 e-con-full e-flex e-con e-child\" data-id=\"2773c15\" data-element_type=\"container\" data-settings=\"{&quot;background_background&quot;:&quot;classic&quot;}\">\n\t\t\t\t<div class=\"elementor-element elementor-element-08b75cc elementor-widget elementor-widget-heading\" data-id=\"08b75cc\" data-element_type=\"widget\" data-widget_type=\"heading.default\">\n\t\t\t\t<div class=\"elementor-widget-container\">\n\t\t\t\t\t<span class=\"elementor-heading-title elementor-size-default\">Capo Pe\u00f1as<\/span>\t\t\t\t<\/div>\n\t\t\t\t<\/div>\n\t\t\t\t<div class=\"elementor-element elementor-element-ef02bb0 elementor-align-center elementor-widget elementor-widget-button\" data-id=\"ef02bb0\" data-element_type=\"widget\" data-widget_type=\"button.default\">\n\t\t\t\t<div class=\"elementor-widget-container\">\n\t\t\t\t\t\t\t\t\t<div class=\"elementor-button-wrapper\">\n\t\t\t\t\t<a class=\"elementor-button elementor-button-link elementor-size-sm\" href=\"https:\/\/www.turismoasturias.es\/turismo-rural\/centro\/itinerario1\" target=\"_blank\" rel=\"nofollow\">\n\t\t\t\t\t\t<span class=\"elementor-button-content-wrapper\">\n\t\t\t\t\t\t\t\t\t<span class=\"elementor-button-text\">Visita il link<\/span>\n\t\t\t\t\t<\/span>\n\t\t\t\t\t<\/a>\n\t\t\t\t<\/div>\n\t\t\t\t\t\t\t\t<\/div>\n\t\t\t\t<\/div>\n\t\t\t\t<\/div>\n\t\t<div class=\"elementor-element elementor-element-0d0e11a e-con-full e-flex e-con e-child\" data-id=\"0d0e11a\" data-element_type=\"container\" data-settings=\"{&quot;background_background&quot;:&quot;classic&quot;}\">\n\t\t\t\t<div class=\"elementor-element elementor-element-8c683a6 elementor-widget elementor-widget-heading\" data-id=\"8c683a6\" data-element_type=\"widget\" data-widget_type=\"heading.default\">\n\t\t\t\t<div class=\"elementor-widget-container\">\n\t\t\t\t\t<span class=\"elementor-heading-title elementor-size-default\">Aviles<\/span>\t\t\t\t<\/div>\n\t\t\t\t<\/div>\n\t\t\t\t<div class=\"elementor-element elementor-element-4120923 elementor-align-center elementor-widget elementor-widget-button\" data-id=\"4120923\" data-element_type=\"widget\" data-widget_type=\"button.default\">\n\t\t\t\t<div class=\"elementor-widget-container\">\n\t\t\t\t\t\t\t\t\t<div class=\"elementor-button-wrapper\">\n\t\t\t\t\t<a class=\"elementor-button elementor-button-link elementor-size-sm\" href=\"https:\/\/www.turismoasturias.es\/descubre\/ciudades\/aviles\" target=\"_blank\" rel=\"nofollow\">\n\t\t\t\t\t\t<span class=\"elementor-button-content-wrapper\">\n\t\t\t\t\t\t\t\t\t<span class=\"elementor-button-text\">Visita il link<\/span>\n\t\t\t\t\t<\/span>\n\t\t\t\t\t<\/a>\n\t\t\t\t<\/div>\n\t\t\t\t\t\t\t\t<\/div>\n\t\t\t\t<\/div>\n\t\t\t\t<\/div>\n\t\t<div class=\"elementor-element elementor-element-57414f3 e-con-full e-flex e-con e-child\" data-id=\"57414f3\" data-element_type=\"container\" data-settings=\"{&quot;background_background&quot;:&quot;classic&quot;}\">\n\t\t\t\t<div class=\"elementor-element elementor-element-a9c497e elementor-widget elementor-widget-heading\" data-id=\"a9c497e\" data-element_type=\"widget\" data-widget_type=\"heading.default\">\n\t\t\t\t<div class=\"elementor-widget-container\">\n\t\t\t\t\t<span class=\"elementor-heading-title elementor-size-default\">Gij\u00f3n<\/span>\t\t\t\t<\/div>\n\t\t\t\t<\/div>\n\t\t\t\t<div class=\"elementor-element elementor-element-bea7096 elementor-align-center elementor-widget elementor-widget-button\" data-id=\"bea7096\" data-element_type=\"widget\" data-widget_type=\"button.default\">\n\t\t\t\t<div class=\"elementor-widget-container\">\n\t\t\t\t\t\t\t\t\t<div class=\"elementor-button-wrapper\">\n\t\t\t\t\t<a class=\"elementor-button elementor-button-link elementor-size-sm\" href=\"https:\/\/www.turismoasturias.es\/descubre\/ciudades\/gijon\" target=\"_blank\" rel=\"nofollow\">\n\t\t\t\t\t\t<span class=\"elementor-button-content-wrapper\">\n\t\t\t\t\t\t\t\t\t<span class=\"elementor-button-text\">Visita il link<\/span>\n\t\t\t\t\t<\/span>\n\t\t\t\t\t<\/a>\n\t\t\t\t<\/div>\n\t\t\t\t\t\t\t\t<\/div>\n\t\t\t\t<\/div>\n\t\t\t\t<\/div>\n\t\t<div class=\"elementor-element elementor-element-556c215 e-con-full e-flex e-con e-child\" data-id=\"556c215\" data-element_type=\"container\" data-settings=\"{&quot;background_background&quot;:&quot;classic&quot;}\">\n\t\t\t\t<div class=\"elementor-element elementor-element-246eecf elementor-widget elementor-widget-heading\" data-id=\"246eecf\" data-element_type=\"widget\" data-widget_type=\"heading.default\">\n\t\t\t\t<div class=\"elementor-widget-container\">\n\t\t\t\t\t<span class=\"elementor-heading-title elementor-size-default\">Oviedo<\/span>\t\t\t\t<\/div>\n\t\t\t\t<\/div>\n\t\t\t\t<div class=\"elementor-element elementor-element-1a4c758 elementor-align-center elementor-widget elementor-widget-button\" data-id=\"1a4c758\" data-element_type=\"widget\" data-widget_type=\"button.default\">\n\t\t\t\t<div class=\"elementor-widget-container\">\n\t\t\t\t\t\t\t\t\t<div class=\"elementor-button-wrapper\">\n\t\t\t\t\t<a class=\"elementor-button elementor-button-link elementor-size-sm\" href=\"https:\/\/www.turismoasturias.es\/descubre\/ciudades\/oviedo\" target=\"_blank\" rel=\"nofollow\">\n\t\t\t\t\t\t<span class=\"elementor-button-content-wrapper\">\n\t\t\t\t\t\t\t\t\t<span class=\"elementor-button-text\">Visita il link<\/span>\n\t\t\t\t\t<\/span>\n\t\t\t\t\t<\/a>\n\t\t\t\t<\/div>\n\t\t\t\t\t\t\t\t<\/div>\n\t\t\t\t<\/div>\n\t\t\t\t<\/div>\n\t\t\t\t<\/div>\n\t\t<div class=\"elementor-element elementor-element-b3c14e0 e-con-full e-flex e-con e-child\" data-id=\"b3c14e0\" data-element_type=\"container\">\n\t\t<div class=\"elementor-element elementor-element-bee60d8 e-con-full e-flex e-con e-child\" data-id=\"bee60d8\" data-element_type=\"container\" data-settings=\"{&quot;background_background&quot;:&quot;classic&quot;}\">\n\t\t\t\t<div class=\"elementor-element elementor-element-db93dec elementor-widget elementor-widget-heading\" data-id=\"db93dec\" data-element_type=\"widget\" data-widget_type=\"heading.default\">\n\t\t\t\t<div class=\"elementor-widget-container\">\n\t\t\t\t\t<span class=\"elementor-heading-title elementor-size-default\">Candas<\/span>\t\t\t\t<\/div>\n\t\t\t\t<\/div>\n\t\t\t\t<div class=\"elementor-element elementor-element-3d09865 elementor-align-center elementor-widget elementor-widget-button\" data-id=\"3d09865\" data-element_type=\"widget\" data-widget_type=\"button.default\">\n\t\t\t\t<div class=\"elementor-widget-container\">\n\t\t\t\t\t\t\t\t\t<div class=\"elementor-button-wrapper\">\n\t\t\t\t\t<a class=\"elementor-button elementor-button-link elementor-size-sm\" href=\"https:\/\/www.turismoasturias.es\/descubre\/donde-ir\/municipios\/carreno\" target=\"_blank\" rel=\"nofollow\">\n\t\t\t\t\t\t<span class=\"elementor-button-content-wrapper\">\n\t\t\t\t\t\t\t\t\t<span class=\"elementor-button-text\">Visita il link<\/span>\n\t\t\t\t\t<\/span>\n\t\t\t\t\t<\/a>\n\t\t\t\t<\/div>\n\t\t\t\t\t\t\t\t<\/div>\n\t\t\t\t<\/div>\n\t\t\t\t<\/div>\n\t\t<div class=\"elementor-element elementor-element-068f33a e-con-full e-flex e-con e-child\" data-id=\"068f33a\" data-element_type=\"container\" data-settings=\"{&quot;background_background&quot;:&quot;classic&quot;}\">\n\t\t\t\t<div class=\"elementor-element elementor-element-b62674d elementor-widget elementor-widget-heading\" data-id=\"b62674d\" data-element_type=\"widget\" data-widget_type=\"heading.default\">\n\t\t\t\t<div class=\"elementor-widget-container\">\n\t\t\t\t\t<span class=\"elementor-heading-title elementor-size-default\">Luanco<\/span>\t\t\t\t<\/div>\n\t\t\t\t<\/div>\n\t\t\t\t<div class=\"elementor-element elementor-element-46c3e22 elementor-align-center elementor-widget elementor-widget-button\" data-id=\"46c3e22\" data-element_type=\"widget\" data-widget_type=\"button.default\">\n\t\t\t\t<div class=\"elementor-widget-container\">\n\t\t\t\t\t\t\t\t\t<div class=\"elementor-button-wrapper\">\n\t\t\t\t\t<a class=\"elementor-button elementor-button-link elementor-size-sm\" href=\"https:\/\/www.turismoasturias.es\/descubre\/donde-ir\/municipios\/gozon\" target=\"_blank\" rel=\"nofollow\">\n\t\t\t\t\t\t<span class=\"elementor-button-content-wrapper\">\n\t\t\t\t\t\t\t\t\t<span class=\"elementor-button-text\">Visita il link<\/span>\n\t\t\t\t\t<\/span>\n\t\t\t\t\t<\/a>\n\t\t\t\t<\/div>\n\t\t\t\t\t\t\t\t<\/div>\n\t\t\t\t<\/div>\n\t\t\t\t<\/div>\n\t\t<div class=\"elementor-element elementor-element-f0e1e6f e-con-full e-flex e-con e-child\" data-id=\"f0e1e6f\" data-element_type=\"container\" data-settings=\"{&quot;background_background&quot;:&quot;classic&quot;}\">\n\t\t\t\t<div class=\"elementor-element elementor-element-7422a4f elementor-widget elementor-widget-heading\" data-id=\"7422a4f\" data-element_type=\"widget\" data-widget_type=\"heading.default\">\n\t\t\t\t<div class=\"elementor-widget-container\">\n\t\t\t\t\t<span class=\"elementor-heading-title elementor-size-default\">Salinas<\/span>\t\t\t\t<\/div>\n\t\t\t\t<\/div>\n\t\t\t\t<div class=\"elementor-element elementor-element-46afa12 elementor-align-center elementor-widget elementor-widget-button\" data-id=\"46afa12\" data-element_type=\"widget\" data-widget_type=\"button.default\">\n\t\t\t\t<div class=\"elementor-widget-container\">\n\t\t\t\t\t\t\t\t\t<div class=\"elementor-button-wrapper\">\n\t\t\t\t\t<a class=\"elementor-button elementor-button-link elementor-size-sm\" href=\"https:\/\/www.turismoasturias.es\/descubre\/donde-ir\/municipios\/castrillon\" target=\"_blank\" rel=\"nofollow\">\n\t\t\t\t\t\t<span class=\"elementor-button-content-wrapper\">\n\t\t\t\t\t\t\t\t\t<span class=\"elementor-button-text\">Visita il link<\/span>\n\t\t\t\t\t<\/span>\n\t\t\t\t\t<\/a>\n\t\t\t\t<\/div>\n\t\t\t\t\t\t\t\t<\/div>\n\t\t\t\t<\/div>\n\t\t\t\t<\/div>\n\t\t<div class=\"elementor-element elementor-element-7480a10 e-con-full e-flex e-con e-child\" data-id=\"7480a10\" data-element_type=\"container\" data-settings=\"{&quot;background_background&quot;:&quot;classic&quot;}\">\n\t\t\t\t<div class=\"elementor-element elementor-element-91213ea elementor-widget elementor-widget-heading\" data-id=\"91213ea\" data-element_type=\"widget\" data-widget_type=\"heading.default\">\n\t\t\t\t<div class=\"elementor-widget-container\">\n\t\t\t\t\t<span class=\"elementor-heading-title elementor-size-default\">Natura Asturie<\/span>\t\t\t\t<\/div>\n\t\t\t\t<\/div>\n\t\t\t\t<div class=\"elementor-element elementor-element-3a6b6a5 elementor-align-center elementor-widget elementor-widget-button\" data-id=\"3a6b6a5\" data-element_type=\"widget\" data-widget_type=\"button.default\">\n\t\t\t\t<div class=\"elementor-widget-container\">\n\t\t\t\t\t\t\t\t\t<div class=\"elementor-button-wrapper\">\n\t\t\t\t\t<a class=\"elementor-button elementor-button-link elementor-size-sm\" href=\"https:\/\/naturalezadeasturias.es\" target=\"_blank\" rel=\"nofollow\">\n\t\t\t\t\t\t<span class=\"elementor-button-content-wrapper\">\n\t\t\t\t\t\t\t\t\t<span class=\"elementor-button-text\">Visita il link<\/span>\n\t\t\t\t\t<\/span>\n\t\t\t\t\t<\/a>\n\t\t\t\t<\/div>\n\t\t\t\t\t\t\t\t<\/div>\n\t\t\t\t<\/div>\n\t\t\t\t<\/div>\n\t\t\t\t<\/div>\n\t\t\t\t\t<\/div>\n\t\t\t\t<\/div>\n\t\t<div class=\"elementor-element elementor-element-ea50be2 e-flex e-con-boxed e-con e-parent\" data-id=\"ea50be2\" data-element_type=\"container\" data-settings=\"{&quot;background_background&quot;:&quot;classic&quot;}\">\n\t\t\t\t\t<div class=\"e-con-inner\">\n\t\t<div class=\"elementor-element elementor-element-43e7f87 e-con-full e-flex e-con e-child\" data-id=\"43e7f87\" data-element_type=\"container\" data-settings=\"{&quot;background_background&quot;:&quot;classic&quot;}\">\n\t\t\t\t<div class=\"elementor-element elementor-element-cce37df elementor-widget elementor-widget-heading\" data-id=\"cce37df\" data-element_type=\"widget\" data-widget_type=\"heading.default\">\n\t\t\t\t<div class=\"elementor-widget-container\">\n\t\t\t\t\t<h2 class=\"elementor-heading-title elementor-size-default\">Consigli per godere di un ambiente naturale protetto in modo responsabile\n\n<\/h2>\t\t\t\t<\/div>\n\t\t\t\t<\/div>\n\t\t\t\t<div class=\"elementor-element elementor-element-3beea1c elementor-widget elementor-widget-text-editor\" data-id=\"3beea1c\" data-element_type=\"widget\" data-widget_type=\"text-editor.default\">\n\t\t\t\t<div class=\"elementor-widget-container\">\n\t\t\t\t\t\t\t\t\t<ol>\n<li><strong>Responsabilit\u00e0<\/strong>: le visite alle aree naturali protette devono essere effettuate con consapevolezza e rispetto per l&#8217;ambiente.<\/li>\n<li><strong>Pianificazione<\/strong>: Informati sulla localit\u00e0 da fonti ufficiali e controlla le previsioni del tempo per essere preparato.<\/li>\n<li><strong>Preparazione<\/strong>: indossa abbigliamento e calzature adeguate alle attivit\u00e0 che hai in programma e adatta i tuoi piani alle tue capacit\u00e0 fisiche.<\/li>\n<li><strong>Prevenzione<\/strong>: \u00e8 conforme agli attuali standard di salute e sicurezza.<\/li>\n<li><strong>Evita la folla<\/strong>: visita l&#8217;area in piccoli gruppi per ridurre al minimo l&#8217;impatto.<\/li>\n<li><strong>Salute<\/strong>: se non ti senti bene, \u00e8 meglio rimandare l&#8217;escursione.<\/li>\n<li><strong>Rispetto per la fauna selvatica<\/strong>: non interferire con gli animali e non danneggiare la vegetazione; mantieni una distanza di sicurezza.<\/li>\n<li><strong>Non lasciare tracce<\/strong>: porta via tutti i rifiuti che produci e smaltiscili negli appositi contenitori.<\/li>\n<li><strong>Rispetto per i vicini<\/strong>: Rispetta le usanze locali ed evita di bloccare strade o accessi privati.<\/li>\n<li><strong>Supporta il consumo locale<\/strong>: quando \u00e8 possibile, acquista da aziende locali e contribuisci all&#8217;economia locale.<\/li>\n<\/ol>\n\t\t\t\t\t\t\t\t<\/div>\n\t\t\t\t<\/div>\n\t\t\t\t<\/div>\n\t\t\t\t\t<\/div>\n\t\t\t\t<\/div>\n\t\t\t\t<\/div>\n\t\t","protected":false},"excerpt":{"rendered":"<p>La posizione privilegiata del comune di Carre\u00f1o, nel centro delle Asturie e all&#8217;interno della comunit\u00e0 di Cabo Pe\u00f1as, permette di raggiungere facilmente diverse destinazioni di interesse. Gli Appartamenti Rurali Mar del Busto, situati a El Cantu, si trovano a soli 2,5 km dalla rotonda di Tabaza, che permette di raggiungere in pochi minuti i principali [&hellip;]<\/p>\n","protected":false},"author":1,"featured_media":0,"parent":0,"menu_order":0,"comment_status":"closed","ping_status":"closed","template":"","meta":{"footnotes":""},"class_list":["post-994","page","type-page","status-publish","hentry"],"_links":{"self":[{"href":"https:\/\/mardelbusto.es\/it\/wp-json\/wp\/v2\/pages\/994"}],"collection":[{"href":"https:\/\/mardelbusto.es\/it\/wp-json\/wp\/v2\/pages"}],"about":[{"href":"https:\/\/mardelbusto.es\/it\/wp-json\/wp\/v2\/types\/page"}],"author":[{"embeddable":true,"href":"https:\/\/mardelbusto.es\/it\/wp-json\/wp\/v2\/users\/1"}],"replies":[{"embeddable":true,"href":"https:\/\/mardelbusto.es\/it\/wp-json\/wp\/v2\/comments?post=994"}],"version-history":[{"count":1,"href":"https:\/\/mardelbusto.es\/it\/wp-json\/wp\/v2\/pages\/994\/revisions"}],"predecessor-version":[{"id":995,"href":"https:\/\/mardelbusto.es\/it\/wp-json\/wp\/v2\/pages\/994\/revisions\/995"}],"wp:attachment":[{"href":"https:\/\/mardelbusto.es\/it\/wp-json\/wp\/v2\/media?parent=994"}],"curies":[{"name":"wp","href":"https:\/\/api.w.org\/{rel}","templated":true}]}}