{"id":990,"date":"2024-11-07T00:52:54","date_gmt":"2024-11-06T23:52:54","guid":{"rendered":"http:\/\/mardelbusto.es\/ce-quil-faut-visiter\/"},"modified":"2024-11-13T03:35:28","modified_gmt":"2024-11-13T02:35:28","slug":"ce-quil-faut-visiter","status":"publish","type":"page","link":"https:\/\/mardelbusto.es\/fr\/ce-quil-faut-visiter\/","title":{"rendered":"Ce qu&rsquo;il faut visiter"},"content":{"rendered":"\t\t<div data-elementor-type=\"wp-page\" data-elementor-id=\"990\" class=\"elementor elementor-990 elementor-151\" data-elementor-post-type=\"page\">\n\t\t\t\t<div class=\"elementor-element elementor-element-1edce26 e-con-full e-flex e-con e-parent\" data-id=\"1edce26\" data-element_type=\"container\" data-settings=\"{&quot;background_background&quot;:&quot;classic&quot;}\">\n\t\t<div class=\"elementor-element elementor-element-c4f4aa7 e-con-full e-flex e-con e-child\" data-id=\"c4f4aa7\" data-element_type=\"container\" data-settings=\"{&quot;background_background&quot;:&quot;classic&quot;}\">\n\t\t\t\t<\/div>\n\t\t\t\t<\/div>\n\t\t<div class=\"elementor-element elementor-element-a35ac67 e-flex e-con-boxed e-con e-parent\" data-id=\"a35ac67\" data-element_type=\"container\">\n\t\t\t\t\t<div class=\"e-con-inner\">\n\t\t<div class=\"elementor-element elementor-element-eab443f e-con-full e-flex e-con e-child\" data-id=\"eab443f\" data-element_type=\"container\">\n\t\t\t\t<div class=\"elementor-element elementor-element-f6ed1f5 elementor-widget elementor-widget-image\" data-id=\"f6ed1f5\" data-element_type=\"widget\" data-widget_type=\"image.default\">\n\t\t\t\t<div class=\"elementor-widget-container\">\n\t\t\t\t\t\t\t\t\t\t\t\t\t\t\t<img fetchpriority=\"high\" decoding=\"async\" width=\"800\" height=\"498\" src=\"https:\/\/mardelbusto.es\/wp-content\/uploads\/2024\/11\/luanco-.jpg\" class=\"attachment-large size-large wp-image-276\" alt=\"\" srcset=\"https:\/\/mardelbusto.es\/wp-content\/uploads\/2024\/11\/luanco-.jpg 1024w, https:\/\/mardelbusto.es\/wp-content\/uploads\/2024\/11\/luanco--300x187.jpg 300w, https:\/\/mardelbusto.es\/wp-content\/uploads\/2024\/11\/luanco--768x478.jpg 768w\" sizes=\"(max-width: 800px) 100vw, 800px\" \/>\t\t\t\t\t\t\t\t\t\t\t\t\t\t\t<\/div>\n\t\t\t\t<\/div>\n\t\t\t\t<\/div>\n\t\t<div class=\"elementor-element elementor-element-87bb8e4 e-con-full e-flex e-con e-child\" data-id=\"87bb8e4\" data-element_type=\"container\">\n\t\t\t\t<div class=\"elementor-element elementor-element-59f6702 elementor-widget elementor-widget-text-editor\" data-id=\"59f6702\" data-element_type=\"widget\" data-widget_type=\"text-editor.default\">\n\t\t\t\t<div class=\"elementor-widget-container\">\n\t\t\t\t\t\t\t\t\t<p>La situation privil\u00e9gi\u00e9e de la commune de Carre\u00f1o, au centre des Asturies et au sein de la communaut\u00e9 de Cabo Pe\u00f1as, permet d&rsquo;acc\u00e9der facilement \u00e0 diverses destinations d&rsquo;int\u00e9r\u00eat. Les appartements ruraux Mar del Busto, situ\u00e9s \u00e0 El Cantu, se trouvent \u00e0 seulement 2,5 km du rond-point de Tabaza, ce qui permet de rejoindre en quelques minutes les principaux centres urbains de la r\u00e9gion : Avil\u00e9s (9 km), Gij\u00f3n (11 km), Oviedo (24 km), Cand\u00e1s (6 km), la ville de vacances de Perlora (7 km), Luanco (10 km) et Salinas (17 km). En outre, l&#8217;embl\u00e9matique Cabo Pe\u00f1as, un endroit exceptionnel pour admirer la c\u00f4te asturienne, se trouve \u00e0 environ 19 km.  <\/p>\n\t\t\t\t\t\t\t\t<\/div>\n\t\t\t\t<\/div>\n\t\t\t\t<\/div>\n\t\t\t\t\t<\/div>\n\t\t\t\t<\/div>\n\t\t<div class=\"elementor-element elementor-element-fededb2 e-flex e-con-boxed e-con e-parent\" data-id=\"fededb2\" data-element_type=\"container\" data-settings=\"{&quot;background_background&quot;:&quot;classic&quot;}\">\n\t\t\t\t\t<div class=\"e-con-inner\">\n\t\t<div class=\"elementor-element elementor-element-e51f0fe e-con-full e-flex e-con e-child\" data-id=\"e51f0fe\" data-element_type=\"container\">\n\t\t\t\t<div class=\"elementor-element elementor-element-28a2006 elementor-widget elementor-widget-text-editor\" data-id=\"28a2006\" data-element_type=\"widget\" data-widget_type=\"text-editor.default\">\n\t\t\t\t<div class=\"elementor-widget-container\">\n\t\t\t\t\t\t\t\t\t<p>Pour ceux qui aiment la plage, cette r\u00e9gion offre un grand nombre d&rsquo;options \u00e0 quelques minutes de marche. Vous pouvez visiter les plages de Cand\u00e1s et G\u00faelgues (7 km), Carranques (8 km), Tranquero, Los Cristales et Aramar (9 km), Luanco (11 km), Ba\u00f1ugues (13 km), ou Verdicio et Xago (16 km). Vous pourrez \u00e9galement profiter de la c\u00e9l\u00e8bre plage de Salinas, situ\u00e9e \u00e0 17 km, id\u00e9ale pour une journ\u00e9e de mer et de soleil.  <\/p>\n<p>L&rsquo;a\u00e9roport des Asturies se trouve \u00e0 24 km, facilitant les liaisons nationales et internationales. En outre, si vous souhaitez faire du shopping, les principaux centres commerciaux de la province, tels que le Parque Astur et le Parque Principado, se trouvent respectivement \u00e0 6 km et 23 km, et proposent des boutiques, des loisirs et des services de toutes sortes pour compl\u00e9ter votre s\u00e9jour. <\/p>\n\t\t\t\t\t\t\t\t<\/div>\n\t\t\t\t<\/div>\n\t\t\t\t<\/div>\n\t\t<div class=\"elementor-element elementor-element-ea6cb15 e-con-full e-flex e-con e-child\" data-id=\"ea6cb15\" data-element_type=\"container\">\n\t\t\t\t<div class=\"elementor-element elementor-element-fe7759d elementor-widget elementor-widget-image\" data-id=\"fe7759d\" data-element_type=\"widget\" data-widget_type=\"image.default\">\n\t\t\t\t<div class=\"elementor-widget-container\">\n\t\t\t\t\t\t\t\t\t\t\t\t\t\t\t<img decoding=\"async\" width=\"800\" height=\"500\" src=\"https:\/\/mardelbusto.es\/wp-content\/uploads\/2024\/11\/IMG-BWFAGZ5-1024x640.jpg\" class=\"attachment-large size-large wp-image-71\" alt=\"\" srcset=\"https:\/\/mardelbusto.es\/wp-content\/uploads\/2024\/11\/IMG-BWFAGZ5-1024x640.jpg 1024w, https:\/\/mardelbusto.es\/wp-content\/uploads\/2024\/11\/IMG-BWFAGZ5-300x188.jpg 300w, https:\/\/mardelbusto.es\/wp-content\/uploads\/2024\/11\/IMG-BWFAGZ5-768x480.jpg 768w, https:\/\/mardelbusto.es\/wp-content\/uploads\/2024\/11\/IMG-BWFAGZ5-1536x960.jpg 1536w, https:\/\/mardelbusto.es\/wp-content\/uploads\/2024\/11\/IMG-BWFAGZ5.jpg 1800w\" sizes=\"(max-width: 800px) 100vw, 800px\" \/>\t\t\t\t\t\t\t\t\t\t\t\t\t\t\t<\/div>\n\t\t\t\t<\/div>\n\t\t\t\t<\/div>\n\t\t\t\t\t<\/div>\n\t\t\t\t<\/div>\n\t\t<div class=\"elementor-element elementor-element-de83bb2 e-flex e-con-boxed e-con e-parent\" data-id=\"de83bb2\" data-element_type=\"container\" data-settings=\"{&quot;background_background&quot;:&quot;classic&quot;}\">\n\t\t\t\t\t<div class=\"e-con-inner\">\n\t\t<div class=\"elementor-element elementor-element-95d36d8 e-con-full e-flex e-con e-child\" data-id=\"95d36d8\" data-element_type=\"container\">\n\t\t<div class=\"elementor-element elementor-element-2773c15 e-con-full e-flex e-con e-child\" data-id=\"2773c15\" data-element_type=\"container\" data-settings=\"{&quot;background_background&quot;:&quot;classic&quot;}\">\n\t\t\t\t<div class=\"elementor-element elementor-element-08b75cc elementor-widget elementor-widget-heading\" data-id=\"08b75cc\" data-element_type=\"widget\" data-widget_type=\"heading.default\">\n\t\t\t\t<div class=\"elementor-widget-container\">\n\t\t\t\t\t<span class=\"elementor-heading-title elementor-size-default\">Cap Pe\u00f1as<\/span>\t\t\t\t<\/div>\n\t\t\t\t<\/div>\n\t\t\t\t<div class=\"elementor-element elementor-element-ef02bb0 elementor-align-center elementor-widget elementor-widget-button\" data-id=\"ef02bb0\" data-element_type=\"widget\" data-widget_type=\"button.default\">\n\t\t\t\t<div class=\"elementor-widget-container\">\n\t\t\t\t\t\t\t\t\t<div class=\"elementor-button-wrapper\">\n\t\t\t\t\t<a class=\"elementor-button elementor-button-link elementor-size-sm\" href=\"https:\/\/www.turismoasturias.es\/turismo-rural\/centro\/itinerario1\" target=\"_blank\" rel=\"nofollow\">\n\t\t\t\t\t\t<span class=\"elementor-button-content-wrapper\">\n\t\t\t\t\t\t\t\t\t<span class=\"elementor-button-text\">Visitez le lien<\/span>\n\t\t\t\t\t<\/span>\n\t\t\t\t\t<\/a>\n\t\t\t\t<\/div>\n\t\t\t\t\t\t\t\t<\/div>\n\t\t\t\t<\/div>\n\t\t\t\t<\/div>\n\t\t<div class=\"elementor-element elementor-element-0d0e11a e-con-full e-flex e-con e-child\" data-id=\"0d0e11a\" data-element_type=\"container\" data-settings=\"{&quot;background_background&quot;:&quot;classic&quot;}\">\n\t\t\t\t<div class=\"elementor-element elementor-element-8c683a6 elementor-widget elementor-widget-heading\" data-id=\"8c683a6\" data-element_type=\"widget\" data-widget_type=\"heading.default\">\n\t\t\t\t<div class=\"elementor-widget-container\">\n\t\t\t\t\t<span class=\"elementor-heading-title elementor-size-default\">Aviles<\/span>\t\t\t\t<\/div>\n\t\t\t\t<\/div>\n\t\t\t\t<div class=\"elementor-element elementor-element-4120923 elementor-align-center elementor-widget elementor-widget-button\" data-id=\"4120923\" data-element_type=\"widget\" data-widget_type=\"button.default\">\n\t\t\t\t<div class=\"elementor-widget-container\">\n\t\t\t\t\t\t\t\t\t<div class=\"elementor-button-wrapper\">\n\t\t\t\t\t<a class=\"elementor-button elementor-button-link elementor-size-sm\" href=\"https:\/\/www.turismoasturias.es\/descubre\/ciudades\/aviles\" target=\"_blank\" rel=\"nofollow\">\n\t\t\t\t\t\t<span class=\"elementor-button-content-wrapper\">\n\t\t\t\t\t\t\t\t\t<span class=\"elementor-button-text\">Visitez le lien<\/span>\n\t\t\t\t\t<\/span>\n\t\t\t\t\t<\/a>\n\t\t\t\t<\/div>\n\t\t\t\t\t\t\t\t<\/div>\n\t\t\t\t<\/div>\n\t\t\t\t<\/div>\n\t\t<div class=\"elementor-element elementor-element-57414f3 e-con-full e-flex e-con e-child\" data-id=\"57414f3\" data-element_type=\"container\" data-settings=\"{&quot;background_background&quot;:&quot;classic&quot;}\">\n\t\t\t\t<div class=\"elementor-element elementor-element-a9c497e elementor-widget elementor-widget-heading\" data-id=\"a9c497e\" data-element_type=\"widget\" data-widget_type=\"heading.default\">\n\t\t\t\t<div class=\"elementor-widget-container\">\n\t\t\t\t\t<span class=\"elementor-heading-title elementor-size-default\">Gij\u00f3n<\/span>\t\t\t\t<\/div>\n\t\t\t\t<\/div>\n\t\t\t\t<div class=\"elementor-element elementor-element-bea7096 elementor-align-center elementor-widget elementor-widget-button\" data-id=\"bea7096\" data-element_type=\"widget\" data-widget_type=\"button.default\">\n\t\t\t\t<div class=\"elementor-widget-container\">\n\t\t\t\t\t\t\t\t\t<div class=\"elementor-button-wrapper\">\n\t\t\t\t\t<a class=\"elementor-button elementor-button-link elementor-size-sm\" href=\"https:\/\/www.turismoasturias.es\/descubre\/ciudades\/gijon\" target=\"_blank\" rel=\"nofollow\">\n\t\t\t\t\t\t<span class=\"elementor-button-content-wrapper\">\n\t\t\t\t\t\t\t\t\t<span class=\"elementor-button-text\">Visitez le lien<\/span>\n\t\t\t\t\t<\/span>\n\t\t\t\t\t<\/a>\n\t\t\t\t<\/div>\n\t\t\t\t\t\t\t\t<\/div>\n\t\t\t\t<\/div>\n\t\t\t\t<\/div>\n\t\t<div class=\"elementor-element elementor-element-556c215 e-con-full e-flex e-con e-child\" data-id=\"556c215\" data-element_type=\"container\" data-settings=\"{&quot;background_background&quot;:&quot;classic&quot;}\">\n\t\t\t\t<div class=\"elementor-element elementor-element-246eecf elementor-widget elementor-widget-heading\" data-id=\"246eecf\" data-element_type=\"widget\" data-widget_type=\"heading.default\">\n\t\t\t\t<div class=\"elementor-widget-container\">\n\t\t\t\t\t<span class=\"elementor-heading-title elementor-size-default\">Oviedo<\/span>\t\t\t\t<\/div>\n\t\t\t\t<\/div>\n\t\t\t\t<div class=\"elementor-element elementor-element-1a4c758 elementor-align-center elementor-widget elementor-widget-button\" data-id=\"1a4c758\" data-element_type=\"widget\" data-widget_type=\"button.default\">\n\t\t\t\t<div class=\"elementor-widget-container\">\n\t\t\t\t\t\t\t\t\t<div class=\"elementor-button-wrapper\">\n\t\t\t\t\t<a class=\"elementor-button elementor-button-link elementor-size-sm\" href=\"https:\/\/www.turismoasturias.es\/descubre\/ciudades\/oviedo\" target=\"_blank\" rel=\"nofollow\">\n\t\t\t\t\t\t<span class=\"elementor-button-content-wrapper\">\n\t\t\t\t\t\t\t\t\t<span class=\"elementor-button-text\">Visitez le lien<\/span>\n\t\t\t\t\t<\/span>\n\t\t\t\t\t<\/a>\n\t\t\t\t<\/div>\n\t\t\t\t\t\t\t\t<\/div>\n\t\t\t\t<\/div>\n\t\t\t\t<\/div>\n\t\t\t\t<\/div>\n\t\t<div class=\"elementor-element elementor-element-b3c14e0 e-con-full e-flex e-con e-child\" data-id=\"b3c14e0\" data-element_type=\"container\">\n\t\t<div class=\"elementor-element elementor-element-bee60d8 e-con-full e-flex e-con e-child\" data-id=\"bee60d8\" data-element_type=\"container\" data-settings=\"{&quot;background_background&quot;:&quot;classic&quot;}\">\n\t\t\t\t<div class=\"elementor-element elementor-element-db93dec elementor-widget elementor-widget-heading\" data-id=\"db93dec\" data-element_type=\"widget\" data-widget_type=\"heading.default\">\n\t\t\t\t<div class=\"elementor-widget-container\">\n\t\t\t\t\t<span class=\"elementor-heading-title elementor-size-default\">Candas<\/span>\t\t\t\t<\/div>\n\t\t\t\t<\/div>\n\t\t\t\t<div class=\"elementor-element elementor-element-3d09865 elementor-align-center elementor-widget elementor-widget-button\" data-id=\"3d09865\" data-element_type=\"widget\" data-widget_type=\"button.default\">\n\t\t\t\t<div class=\"elementor-widget-container\">\n\t\t\t\t\t\t\t\t\t<div class=\"elementor-button-wrapper\">\n\t\t\t\t\t<a class=\"elementor-button elementor-button-link elementor-size-sm\" href=\"https:\/\/www.turismoasturias.es\/descubre\/donde-ir\/municipios\/carreno\" target=\"_blank\" rel=\"nofollow\">\n\t\t\t\t\t\t<span class=\"elementor-button-content-wrapper\">\n\t\t\t\t\t\t\t\t\t<span class=\"elementor-button-text\">Visitez le lien<\/span>\n\t\t\t\t\t<\/span>\n\t\t\t\t\t<\/a>\n\t\t\t\t<\/div>\n\t\t\t\t\t\t\t\t<\/div>\n\t\t\t\t<\/div>\n\t\t\t\t<\/div>\n\t\t<div class=\"elementor-element elementor-element-068f33a e-con-full e-flex e-con e-child\" data-id=\"068f33a\" data-element_type=\"container\" data-settings=\"{&quot;background_background&quot;:&quot;classic&quot;}\">\n\t\t\t\t<div class=\"elementor-element elementor-element-b62674d elementor-widget elementor-widget-heading\" data-id=\"b62674d\" data-element_type=\"widget\" data-widget_type=\"heading.default\">\n\t\t\t\t<div class=\"elementor-widget-container\">\n\t\t\t\t\t<span class=\"elementor-heading-title elementor-size-default\">Luanco<\/span>\t\t\t\t<\/div>\n\t\t\t\t<\/div>\n\t\t\t\t<div class=\"elementor-element elementor-element-46c3e22 elementor-align-center elementor-widget elementor-widget-button\" data-id=\"46c3e22\" data-element_type=\"widget\" data-widget_type=\"button.default\">\n\t\t\t\t<div class=\"elementor-widget-container\">\n\t\t\t\t\t\t\t\t\t<div class=\"elementor-button-wrapper\">\n\t\t\t\t\t<a class=\"elementor-button elementor-button-link elementor-size-sm\" href=\"https:\/\/www.turismoasturias.es\/descubre\/donde-ir\/municipios\/gozon\" target=\"_blank\" rel=\"nofollow\">\n\t\t\t\t\t\t<span class=\"elementor-button-content-wrapper\">\n\t\t\t\t\t\t\t\t\t<span class=\"elementor-button-text\">Visitez le lien<\/span>\n\t\t\t\t\t<\/span>\n\t\t\t\t\t<\/a>\n\t\t\t\t<\/div>\n\t\t\t\t\t\t\t\t<\/div>\n\t\t\t\t<\/div>\n\t\t\t\t<\/div>\n\t\t<div class=\"elementor-element elementor-element-f0e1e6f e-con-full e-flex e-con e-child\" data-id=\"f0e1e6f\" data-element_type=\"container\" data-settings=\"{&quot;background_background&quot;:&quot;classic&quot;}\">\n\t\t\t\t<div class=\"elementor-element elementor-element-7422a4f elementor-widget elementor-widget-heading\" data-id=\"7422a4f\" data-element_type=\"widget\" data-widget_type=\"heading.default\">\n\t\t\t\t<div class=\"elementor-widget-container\">\n\t\t\t\t\t<span class=\"elementor-heading-title elementor-size-default\">Salinas<\/span>\t\t\t\t<\/div>\n\t\t\t\t<\/div>\n\t\t\t\t<div class=\"elementor-element elementor-element-46afa12 elementor-align-center elementor-widget elementor-widget-button\" data-id=\"46afa12\" data-element_type=\"widget\" data-widget_type=\"button.default\">\n\t\t\t\t<div class=\"elementor-widget-container\">\n\t\t\t\t\t\t\t\t\t<div class=\"elementor-button-wrapper\">\n\t\t\t\t\t<a class=\"elementor-button elementor-button-link elementor-size-sm\" href=\"https:\/\/www.turismoasturias.es\/descubre\/donde-ir\/municipios\/castrillon\" target=\"_blank\" rel=\"nofollow\">\n\t\t\t\t\t\t<span class=\"elementor-button-content-wrapper\">\n\t\t\t\t\t\t\t\t\t<span class=\"elementor-button-text\">Visitez le lien<\/span>\n\t\t\t\t\t<\/span>\n\t\t\t\t\t<\/a>\n\t\t\t\t<\/div>\n\t\t\t\t\t\t\t\t<\/div>\n\t\t\t\t<\/div>\n\t\t\t\t<\/div>\n\t\t<div class=\"elementor-element elementor-element-7480a10 e-con-full e-flex e-con e-child\" data-id=\"7480a10\" data-element_type=\"container\" data-settings=\"{&quot;background_background&quot;:&quot;classic&quot;}\">\n\t\t\t\t<div class=\"elementor-element elementor-element-91213ea elementor-widget elementor-widget-heading\" data-id=\"91213ea\" data-element_type=\"widget\" data-widget_type=\"heading.default\">\n\t\t\t\t<div class=\"elementor-widget-container\">\n\t\t\t\t\t<span class=\"elementor-heading-title elementor-size-default\">Nature Asturies<\/span>\t\t\t\t<\/div>\n\t\t\t\t<\/div>\n\t\t\t\t<div class=\"elementor-element elementor-element-3a6b6a5 elementor-align-center elementor-widget elementor-widget-button\" data-id=\"3a6b6a5\" data-element_type=\"widget\" data-widget_type=\"button.default\">\n\t\t\t\t<div class=\"elementor-widget-container\">\n\t\t\t\t\t\t\t\t\t<div class=\"elementor-button-wrapper\">\n\t\t\t\t\t<a class=\"elementor-button elementor-button-link elementor-size-sm\" href=\"https:\/\/naturalezadeasturias.es\" target=\"_blank\" rel=\"nofollow\">\n\t\t\t\t\t\t<span class=\"elementor-button-content-wrapper\">\n\t\t\t\t\t\t\t\t\t<span class=\"elementor-button-text\">Visitez le lien<\/span>\n\t\t\t\t\t<\/span>\n\t\t\t\t\t<\/a>\n\t\t\t\t<\/div>\n\t\t\t\t\t\t\t\t<\/div>\n\t\t\t\t<\/div>\n\t\t\t\t<\/div>\n\t\t\t\t<\/div>\n\t\t\t\t\t<\/div>\n\t\t\t\t<\/div>\n\t\t<div class=\"elementor-element elementor-element-ea50be2 e-flex e-con-boxed e-con e-parent\" data-id=\"ea50be2\" data-element_type=\"container\" data-settings=\"{&quot;background_background&quot;:&quot;classic&quot;}\">\n\t\t\t\t\t<div class=\"e-con-inner\">\n\t\t<div class=\"elementor-element elementor-element-43e7f87 e-con-full e-flex e-con e-child\" data-id=\"43e7f87\" data-element_type=\"container\" data-settings=\"{&quot;background_background&quot;:&quot;classic&quot;}\">\n\t\t\t\t<div class=\"elementor-element elementor-element-cce37df elementor-widget elementor-widget-heading\" data-id=\"cce37df\" data-element_type=\"widget\" data-widget_type=\"heading.default\">\n\t\t\t\t<div class=\"elementor-widget-container\">\n\t\t\t\t\t<h2 class=\"elementor-heading-title elementor-size-default\">Conseils pour profiter de mani\u00e8re responsable d'un environnement naturel prot\u00e9g\u00e9\n\n<\/h2>\t\t\t\t<\/div>\n\t\t\t\t<\/div>\n\t\t\t\t<div class=\"elementor-element elementor-element-3beea1c elementor-widget elementor-widget-text-editor\" data-id=\"3beea1c\" data-element_type=\"widget\" data-widget_type=\"text-editor.default\">\n\t\t\t\t<div class=\"elementor-widget-container\">\n\t\t\t\t\t\t\t\t\t<ol>\n<li><strong>Responsabilit\u00e9<\/strong>: les visites dans les zones naturelles prot\u00e9g\u00e9es doivent se faire dans le respect de l&rsquo;environnement.<\/li>\n<li><strong>Planification<\/strong>: renseignez-vous sur le lieu aupr\u00e8s de sources officielles et v\u00e9rifiez les pr\u00e9visions m\u00e9t\u00e9orologiques pour vous pr\u00e9parer.<\/li>\n<li><strong>Pr\u00e9paration<\/strong>: Portez des v\u00eatements et des chaussures adapt\u00e9s aux activit\u00e9s que vous pr\u00e9voyez et adaptez vos projets \u00e0 vos capacit\u00e9s physiques.<\/li>\n<li><strong>Pr\u00e9vention<\/strong>: conforme aux normes de sant\u00e9 et de s\u00e9curit\u00e9 en vigueur.<\/li>\n<li><strong>\u00c9vitez les foules<\/strong>: visitez la r\u00e9gion en petits groupes pour minimiser l&rsquo;impact.<\/li>\n<li><strong>Sant\u00e9<\/strong>: Si vous ne vous sentez pas bien, il est pr\u00e9f\u00e9rable de reporter votre excursion.<\/li>\n<li><strong>Respect de la faune<\/strong>: n&rsquo;interf\u00e9rez pas avec les animaux et n&rsquo;endommagez pas la v\u00e9g\u00e9tation ; gardez une distance de s\u00e9curit\u00e9.<\/li>\n<li><strong>Ne laissez pas de traces<\/strong>: emportez tous les d\u00e9chets que vous produisez et jetez-les dans les conteneurs pr\u00e9vus \u00e0 cet effet.<\/li>\n<li><strong>Consid\u00e9ration pour les voisins<\/strong>: Respectez les coutumes locales et \u00e9vitez de bloquer les routes ou les acc\u00e8s priv\u00e9s.<\/li>\n<li><strong>Soutenez la consommation locale<\/strong>: dans la mesure du possible, achetez aupr\u00e8s d&rsquo;entreprises locales et contribuez \u00e0 l&rsquo;\u00e9conomie locale.<\/li>\n<\/ol>\n\t\t\t\t\t\t\t\t<\/div>\n\t\t\t\t<\/div>\n\t\t\t\t<\/div>\n\t\t\t\t\t<\/div>\n\t\t\t\t<\/div>\n\t\t\t\t<\/div>\n\t\t","protected":false},"excerpt":{"rendered":"<p>La situation privil\u00e9gi\u00e9e de la commune de Carre\u00f1o, au centre des Asturies et au sein de la communaut\u00e9 de Cabo Pe\u00f1as, permet d&rsquo;acc\u00e9der facilement \u00e0 diverses destinations d&rsquo;int\u00e9r\u00eat. Les appartements ruraux Mar del Busto, situ\u00e9s \u00e0 El Cantu, se trouvent \u00e0 seulement 2,5 km du rond-point de Tabaza, ce qui permet de rejoindre en quelques [&hellip;]<\/p>\n","protected":false},"author":1,"featured_media":0,"parent":0,"menu_order":0,"comment_status":"closed","ping_status":"closed","template":"","meta":{"footnotes":""},"class_list":["post-990","page","type-page","status-publish","hentry"],"_links":{"self":[{"href":"https:\/\/mardelbusto.es\/fr\/wp-json\/wp\/v2\/pages\/990"}],"collection":[{"href":"https:\/\/mardelbusto.es\/fr\/wp-json\/wp\/v2\/pages"}],"about":[{"href":"https:\/\/mardelbusto.es\/fr\/wp-json\/wp\/v2\/types\/page"}],"author":[{"embeddable":true,"href":"https:\/\/mardelbusto.es\/fr\/wp-json\/wp\/v2\/users\/1"}],"replies":[{"embeddable":true,"href":"https:\/\/mardelbusto.es\/fr\/wp-json\/wp\/v2\/comments?post=990"}],"version-history":[{"count":1,"href":"https:\/\/mardelbusto.es\/fr\/wp-json\/wp\/v2\/pages\/990\/revisions"}],"predecessor-version":[{"id":991,"href":"https:\/\/mardelbusto.es\/fr\/wp-json\/wp\/v2\/pages\/990\/revisions\/991"}],"wp:attachment":[{"href":"https:\/\/mardelbusto.es\/fr\/wp-json\/wp\/v2\/media?parent=990"}],"curies":[{"name":"wp","href":"https:\/\/api.w.org\/{rel}","templated":true}]}}