{"id":988,"date":"2024-11-07T00:52:54","date_gmt":"2024-11-06T23:52:54","guid":{"rendered":"http:\/\/mardelbusto.es\/what-to-visit\/"},"modified":"2024-11-13T03:35:13","modified_gmt":"2024-11-13T02:35:13","slug":"what-to-visit","status":"publish","type":"page","link":"https:\/\/mardelbusto.es\/en\/what-to-visit\/","title":{"rendered":"What to visit"},"content":{"rendered":"\t\t<div data-elementor-type=\"wp-page\" data-elementor-id=\"988\" class=\"elementor elementor-988 elementor-151\" data-elementor-post-type=\"page\">\n\t\t\t\t<div class=\"elementor-element elementor-element-1edce26 e-con-full e-flex e-con e-parent\" data-id=\"1edce26\" data-element_type=\"container\" data-settings=\"{&quot;background_background&quot;:&quot;classic&quot;}\">\n\t\t<div class=\"elementor-element elementor-element-c4f4aa7 e-con-full e-flex e-con e-child\" data-id=\"c4f4aa7\" data-element_type=\"container\" data-settings=\"{&quot;background_background&quot;:&quot;classic&quot;}\">\n\t\t\t\t<\/div>\n\t\t\t\t<\/div>\n\t\t<div class=\"elementor-element elementor-element-a35ac67 e-flex e-con-boxed e-con e-parent\" data-id=\"a35ac67\" data-element_type=\"container\">\n\t\t\t\t\t<div class=\"e-con-inner\">\n\t\t<div class=\"elementor-element elementor-element-eab443f e-con-full e-flex e-con e-child\" data-id=\"eab443f\" data-element_type=\"container\">\n\t\t\t\t<div class=\"elementor-element elementor-element-f6ed1f5 elementor-widget elementor-widget-image\" data-id=\"f6ed1f5\" data-element_type=\"widget\" data-widget_type=\"image.default\">\n\t\t\t\t<div class=\"elementor-widget-container\">\n\t\t\t\t\t\t\t\t\t\t\t\t\t\t\t<img fetchpriority=\"high\" decoding=\"async\" width=\"800\" height=\"498\" src=\"https:\/\/mardelbusto.es\/wp-content\/uploads\/2024\/11\/luanco-.jpg\" class=\"attachment-large size-large wp-image-276\" alt=\"\" srcset=\"https:\/\/mardelbusto.es\/wp-content\/uploads\/2024\/11\/luanco-.jpg 1024w, https:\/\/mardelbusto.es\/wp-content\/uploads\/2024\/11\/luanco--300x187.jpg 300w, https:\/\/mardelbusto.es\/wp-content\/uploads\/2024\/11\/luanco--768x478.jpg 768w\" sizes=\"(max-width: 800px) 100vw, 800px\" \/>\t\t\t\t\t\t\t\t\t\t\t\t\t\t\t<\/div>\n\t\t\t\t<\/div>\n\t\t\t\t<\/div>\n\t\t<div class=\"elementor-element elementor-element-87bb8e4 e-con-full e-flex e-con e-child\" data-id=\"87bb8e4\" data-element_type=\"container\">\n\t\t\t\t<div class=\"elementor-element elementor-element-59f6702 elementor-widget elementor-widget-text-editor\" data-id=\"59f6702\" data-element_type=\"widget\" data-widget_type=\"text-editor.default\">\n\t\t\t\t<div class=\"elementor-widget-container\">\n\t\t\t\t\t\t\t\t\t<p>The privileged location of the council of Carre\u00f1o, in the center of Asturias and within the community of Cabo Pe\u00f1as, allows easy access to various destinations of interest. The Mar del Busto Rural Apartments, located in El Cantu, are only 2.5 km from the Tabaza Roundabout, which makes it easy to travel in a few minutes to the main urban centers of the region: Avil\u00e9s (9 km), Gij\u00f3n (11 km), Oviedo (24 km), Cand\u00e1s (6 km), the Holiday City of Perlora (7 km), Luanco (10 km) and Salinas (17 km). In addition, the emblematic Cabo Pe\u00f1as, an outstanding point to admire the Asturian coast, is about 19 km away.  <\/p>\n\t\t\t\t\t\t\t\t<\/div>\n\t\t\t\t<\/div>\n\t\t\t\t<\/div>\n\t\t\t\t\t<\/div>\n\t\t\t\t<\/div>\n\t\t<div class=\"elementor-element elementor-element-fededb2 e-flex e-con-boxed e-con e-parent\" data-id=\"fededb2\" data-element_type=\"container\" data-settings=\"{&quot;background_background&quot;:&quot;classic&quot;}\">\n\t\t\t\t\t<div class=\"e-con-inner\">\n\t\t<div class=\"elementor-element elementor-element-e51f0fe e-con-full e-flex e-con e-child\" data-id=\"e51f0fe\" data-element_type=\"container\">\n\t\t\t\t<div class=\"elementor-element elementor-element-28a2006 elementor-widget elementor-widget-text-editor\" data-id=\"28a2006\" data-element_type=\"widget\" data-widget_type=\"text-editor.default\">\n\t\t\t\t<div class=\"elementor-widget-container\">\n\t\t\t\t\t\t\t\t\t<p>For those who enjoy the beach, this area offers a range of options within walking distance. You can visit Cand\u00e1s and G\u00faelgues Beach (7 km), Carranques Beach (8 km), Tranquero Beach, Los Cristales Beach and Aramar Beach (9 km), Luanco Beach (11 km), Ba\u00f1ugues Beach (13 km), or Verdicio and Xago Beach (16 km). You can also enjoy the well-known Salinas Beach just 17 km away, perfect for a day of sea and sun.  <\/p>\n<p>Asturias Airport is 24 km away, which facilitates national and international connections. In addition, for those looking for shopping options, the main shopping centers of the province, such as Parque Astur and Parque Principado, are only 6 km and 23 km away, respectively, offering stores, leisure and services of all kinds to complement the stay. <\/p>\n\t\t\t\t\t\t\t\t<\/div>\n\t\t\t\t<\/div>\n\t\t\t\t<\/div>\n\t\t<div class=\"elementor-element elementor-element-ea6cb15 e-con-full e-flex e-con e-child\" data-id=\"ea6cb15\" data-element_type=\"container\">\n\t\t\t\t<div class=\"elementor-element elementor-element-fe7759d elementor-widget elementor-widget-image\" data-id=\"fe7759d\" data-element_type=\"widget\" data-widget_type=\"image.default\">\n\t\t\t\t<div class=\"elementor-widget-container\">\n\t\t\t\t\t\t\t\t\t\t\t\t\t\t\t<img decoding=\"async\" width=\"800\" height=\"500\" src=\"https:\/\/mardelbusto.es\/wp-content\/uploads\/2024\/11\/IMG-BWFAGZ5-1024x640.jpg\" class=\"attachment-large size-large wp-image-71\" alt=\"\" srcset=\"https:\/\/mardelbusto.es\/wp-content\/uploads\/2024\/11\/IMG-BWFAGZ5-1024x640.jpg 1024w, https:\/\/mardelbusto.es\/wp-content\/uploads\/2024\/11\/IMG-BWFAGZ5-300x188.jpg 300w, https:\/\/mardelbusto.es\/wp-content\/uploads\/2024\/11\/IMG-BWFAGZ5-768x480.jpg 768w, https:\/\/mardelbusto.es\/wp-content\/uploads\/2024\/11\/IMG-BWFAGZ5-1536x960.jpg 1536w, https:\/\/mardelbusto.es\/wp-content\/uploads\/2024\/11\/IMG-BWFAGZ5.jpg 1800w\" sizes=\"(max-width: 800px) 100vw, 800px\" \/>\t\t\t\t\t\t\t\t\t\t\t\t\t\t\t<\/div>\n\t\t\t\t<\/div>\n\t\t\t\t<\/div>\n\t\t\t\t\t<\/div>\n\t\t\t\t<\/div>\n\t\t<div class=\"elementor-element elementor-element-de83bb2 e-flex e-con-boxed e-con e-parent\" data-id=\"de83bb2\" data-element_type=\"container\" data-settings=\"{&quot;background_background&quot;:&quot;classic&quot;}\">\n\t\t\t\t\t<div class=\"e-con-inner\">\n\t\t<div class=\"elementor-element elementor-element-95d36d8 e-con-full e-flex e-con e-child\" data-id=\"95d36d8\" data-element_type=\"container\">\n\t\t<div class=\"elementor-element elementor-element-2773c15 e-con-full e-flex e-con e-child\" data-id=\"2773c15\" data-element_type=\"container\" data-settings=\"{&quot;background_background&quot;:&quot;classic&quot;}\">\n\t\t\t\t<div class=\"elementor-element elementor-element-08b75cc elementor-widget elementor-widget-heading\" data-id=\"08b75cc\" data-element_type=\"widget\" data-widget_type=\"heading.default\">\n\t\t\t\t<div class=\"elementor-widget-container\">\n\t\t\t\t\t<span class=\"elementor-heading-title elementor-size-default\">Cape Pe\u00f1as<\/span>\t\t\t\t<\/div>\n\t\t\t\t<\/div>\n\t\t\t\t<div class=\"elementor-element elementor-element-ef02bb0 elementor-align-center elementor-widget elementor-widget-button\" data-id=\"ef02bb0\" data-element_type=\"widget\" data-widget_type=\"button.default\">\n\t\t\t\t<div class=\"elementor-widget-container\">\n\t\t\t\t\t\t\t\t\t<div class=\"elementor-button-wrapper\">\n\t\t\t\t\t<a class=\"elementor-button elementor-button-link elementor-size-sm\" href=\"https:\/\/www.turismoasturias.es\/turismo-rural\/centro\/itinerario1\" target=\"_blank\" rel=\"nofollow\">\n\t\t\t\t\t\t<span class=\"elementor-button-content-wrapper\">\n\t\t\t\t\t\t\t\t\t<span class=\"elementor-button-text\">Visit link<\/span>\n\t\t\t\t\t<\/span>\n\t\t\t\t\t<\/a>\n\t\t\t\t<\/div>\n\t\t\t\t\t\t\t\t<\/div>\n\t\t\t\t<\/div>\n\t\t\t\t<\/div>\n\t\t<div class=\"elementor-element elementor-element-0d0e11a e-con-full e-flex e-con e-child\" data-id=\"0d0e11a\" data-element_type=\"container\" data-settings=\"{&quot;background_background&quot;:&quot;classic&quot;}\">\n\t\t\t\t<div class=\"elementor-element elementor-element-8c683a6 elementor-widget elementor-widget-heading\" data-id=\"8c683a6\" data-element_type=\"widget\" data-widget_type=\"heading.default\">\n\t\t\t\t<div class=\"elementor-widget-container\">\n\t\t\t\t\t<span class=\"elementor-heading-title elementor-size-default\">Aviles<\/span>\t\t\t\t<\/div>\n\t\t\t\t<\/div>\n\t\t\t\t<div class=\"elementor-element elementor-element-4120923 elementor-align-center elementor-widget elementor-widget-button\" data-id=\"4120923\" data-element_type=\"widget\" data-widget_type=\"button.default\">\n\t\t\t\t<div class=\"elementor-widget-container\">\n\t\t\t\t\t\t\t\t\t<div class=\"elementor-button-wrapper\">\n\t\t\t\t\t<a class=\"elementor-button elementor-button-link elementor-size-sm\" href=\"https:\/\/www.turismoasturias.es\/descubre\/ciudades\/aviles\" target=\"_blank\" rel=\"nofollow\">\n\t\t\t\t\t\t<span class=\"elementor-button-content-wrapper\">\n\t\t\t\t\t\t\t\t\t<span class=\"elementor-button-text\">Visit link<\/span>\n\t\t\t\t\t<\/span>\n\t\t\t\t\t<\/a>\n\t\t\t\t<\/div>\n\t\t\t\t\t\t\t\t<\/div>\n\t\t\t\t<\/div>\n\t\t\t\t<\/div>\n\t\t<div class=\"elementor-element elementor-element-57414f3 e-con-full e-flex e-con e-child\" data-id=\"57414f3\" data-element_type=\"container\" data-settings=\"{&quot;background_background&quot;:&quot;classic&quot;}\">\n\t\t\t\t<div class=\"elementor-element elementor-element-a9c497e elementor-widget elementor-widget-heading\" data-id=\"a9c497e\" data-element_type=\"widget\" data-widget_type=\"heading.default\">\n\t\t\t\t<div class=\"elementor-widget-container\">\n\t\t\t\t\t<span class=\"elementor-heading-title elementor-size-default\">Gij\u00f3n<\/span>\t\t\t\t<\/div>\n\t\t\t\t<\/div>\n\t\t\t\t<div class=\"elementor-element elementor-element-bea7096 elementor-align-center elementor-widget elementor-widget-button\" data-id=\"bea7096\" data-element_type=\"widget\" data-widget_type=\"button.default\">\n\t\t\t\t<div class=\"elementor-widget-container\">\n\t\t\t\t\t\t\t\t\t<div class=\"elementor-button-wrapper\">\n\t\t\t\t\t<a class=\"elementor-button elementor-button-link elementor-size-sm\" href=\"https:\/\/www.turismoasturias.es\/descubre\/ciudades\/gijon\" target=\"_blank\" rel=\"nofollow\">\n\t\t\t\t\t\t<span class=\"elementor-button-content-wrapper\">\n\t\t\t\t\t\t\t\t\t<span class=\"elementor-button-text\">Visit link<\/span>\n\t\t\t\t\t<\/span>\n\t\t\t\t\t<\/a>\n\t\t\t\t<\/div>\n\t\t\t\t\t\t\t\t<\/div>\n\t\t\t\t<\/div>\n\t\t\t\t<\/div>\n\t\t<div class=\"elementor-element elementor-element-556c215 e-con-full e-flex e-con e-child\" data-id=\"556c215\" data-element_type=\"container\" data-settings=\"{&quot;background_background&quot;:&quot;classic&quot;}\">\n\t\t\t\t<div class=\"elementor-element elementor-element-246eecf elementor-widget elementor-widget-heading\" data-id=\"246eecf\" data-element_type=\"widget\" data-widget_type=\"heading.default\">\n\t\t\t\t<div class=\"elementor-widget-container\">\n\t\t\t\t\t<span class=\"elementor-heading-title elementor-size-default\">Oviedo<\/span>\t\t\t\t<\/div>\n\t\t\t\t<\/div>\n\t\t\t\t<div class=\"elementor-element elementor-element-1a4c758 elementor-align-center elementor-widget elementor-widget-button\" data-id=\"1a4c758\" data-element_type=\"widget\" data-widget_type=\"button.default\">\n\t\t\t\t<div class=\"elementor-widget-container\">\n\t\t\t\t\t\t\t\t\t<div class=\"elementor-button-wrapper\">\n\t\t\t\t\t<a class=\"elementor-button elementor-button-link elementor-size-sm\" href=\"https:\/\/www.turismoasturias.es\/descubre\/ciudades\/oviedo\" target=\"_blank\" rel=\"nofollow\">\n\t\t\t\t\t\t<span class=\"elementor-button-content-wrapper\">\n\t\t\t\t\t\t\t\t\t<span class=\"elementor-button-text\">Visit link<\/span>\n\t\t\t\t\t<\/span>\n\t\t\t\t\t<\/a>\n\t\t\t\t<\/div>\n\t\t\t\t\t\t\t\t<\/div>\n\t\t\t\t<\/div>\n\t\t\t\t<\/div>\n\t\t\t\t<\/div>\n\t\t<div class=\"elementor-element elementor-element-b3c14e0 e-con-full e-flex e-con e-child\" data-id=\"b3c14e0\" data-element_type=\"container\">\n\t\t<div class=\"elementor-element elementor-element-bee60d8 e-con-full e-flex e-con e-child\" data-id=\"bee60d8\" data-element_type=\"container\" data-settings=\"{&quot;background_background&quot;:&quot;classic&quot;}\">\n\t\t\t\t<div class=\"elementor-element elementor-element-db93dec elementor-widget elementor-widget-heading\" data-id=\"db93dec\" data-element_type=\"widget\" data-widget_type=\"heading.default\">\n\t\t\t\t<div class=\"elementor-widget-container\">\n\t\t\t\t\t<span class=\"elementor-heading-title elementor-size-default\">Candas<\/span>\t\t\t\t<\/div>\n\t\t\t\t<\/div>\n\t\t\t\t<div class=\"elementor-element elementor-element-3d09865 elementor-align-center elementor-widget elementor-widget-button\" data-id=\"3d09865\" data-element_type=\"widget\" data-widget_type=\"button.default\">\n\t\t\t\t<div class=\"elementor-widget-container\">\n\t\t\t\t\t\t\t\t\t<div class=\"elementor-button-wrapper\">\n\t\t\t\t\t<a class=\"elementor-button elementor-button-link elementor-size-sm\" href=\"https:\/\/www.turismoasturias.es\/descubre\/donde-ir\/municipios\/carreno\" target=\"_blank\" rel=\"nofollow\">\n\t\t\t\t\t\t<span class=\"elementor-button-content-wrapper\">\n\t\t\t\t\t\t\t\t\t<span class=\"elementor-button-text\">Visit link<\/span>\n\t\t\t\t\t<\/span>\n\t\t\t\t\t<\/a>\n\t\t\t\t<\/div>\n\t\t\t\t\t\t\t\t<\/div>\n\t\t\t\t<\/div>\n\t\t\t\t<\/div>\n\t\t<div class=\"elementor-element elementor-element-068f33a e-con-full e-flex e-con e-child\" data-id=\"068f33a\" data-element_type=\"container\" data-settings=\"{&quot;background_background&quot;:&quot;classic&quot;}\">\n\t\t\t\t<div class=\"elementor-element elementor-element-b62674d elementor-widget elementor-widget-heading\" data-id=\"b62674d\" data-element_type=\"widget\" data-widget_type=\"heading.default\">\n\t\t\t\t<div class=\"elementor-widget-container\">\n\t\t\t\t\t<span class=\"elementor-heading-title elementor-size-default\">Luanco<\/span>\t\t\t\t<\/div>\n\t\t\t\t<\/div>\n\t\t\t\t<div class=\"elementor-element elementor-element-46c3e22 elementor-align-center elementor-widget elementor-widget-button\" data-id=\"46c3e22\" data-element_type=\"widget\" data-widget_type=\"button.default\">\n\t\t\t\t<div class=\"elementor-widget-container\">\n\t\t\t\t\t\t\t\t\t<div class=\"elementor-button-wrapper\">\n\t\t\t\t\t<a class=\"elementor-button elementor-button-link elementor-size-sm\" href=\"https:\/\/www.turismoasturias.es\/descubre\/donde-ir\/municipios\/gozon\" target=\"_blank\" rel=\"nofollow\">\n\t\t\t\t\t\t<span class=\"elementor-button-content-wrapper\">\n\t\t\t\t\t\t\t\t\t<span class=\"elementor-button-text\">Visit link<\/span>\n\t\t\t\t\t<\/span>\n\t\t\t\t\t<\/a>\n\t\t\t\t<\/div>\n\t\t\t\t\t\t\t\t<\/div>\n\t\t\t\t<\/div>\n\t\t\t\t<\/div>\n\t\t<div class=\"elementor-element elementor-element-f0e1e6f e-con-full e-flex e-con e-child\" data-id=\"f0e1e6f\" data-element_type=\"container\" data-settings=\"{&quot;background_background&quot;:&quot;classic&quot;}\">\n\t\t\t\t<div class=\"elementor-element elementor-element-7422a4f elementor-widget elementor-widget-heading\" data-id=\"7422a4f\" data-element_type=\"widget\" data-widget_type=\"heading.default\">\n\t\t\t\t<div class=\"elementor-widget-container\">\n\t\t\t\t\t<span class=\"elementor-heading-title elementor-size-default\">Salinas<\/span>\t\t\t\t<\/div>\n\t\t\t\t<\/div>\n\t\t\t\t<div class=\"elementor-element elementor-element-46afa12 elementor-align-center elementor-widget elementor-widget-button\" data-id=\"46afa12\" data-element_type=\"widget\" data-widget_type=\"button.default\">\n\t\t\t\t<div class=\"elementor-widget-container\">\n\t\t\t\t\t\t\t\t\t<div class=\"elementor-button-wrapper\">\n\t\t\t\t\t<a class=\"elementor-button elementor-button-link elementor-size-sm\" href=\"https:\/\/www.turismoasturias.es\/descubre\/donde-ir\/municipios\/castrillon\" target=\"_blank\" rel=\"nofollow\">\n\t\t\t\t\t\t<span class=\"elementor-button-content-wrapper\">\n\t\t\t\t\t\t\t\t\t<span class=\"elementor-button-text\">Visit link<\/span>\n\t\t\t\t\t<\/span>\n\t\t\t\t\t<\/a>\n\t\t\t\t<\/div>\n\t\t\t\t\t\t\t\t<\/div>\n\t\t\t\t<\/div>\n\t\t\t\t<\/div>\n\t\t<div class=\"elementor-element elementor-element-7480a10 e-con-full e-flex e-con e-child\" data-id=\"7480a10\" data-element_type=\"container\" data-settings=\"{&quot;background_background&quot;:&quot;classic&quot;}\">\n\t\t\t\t<div class=\"elementor-element elementor-element-91213ea elementor-widget elementor-widget-heading\" data-id=\"91213ea\" data-element_type=\"widget\" data-widget_type=\"heading.default\">\n\t\t\t\t<div class=\"elementor-widget-container\">\n\t\t\t\t\t<span class=\"elementor-heading-title elementor-size-default\">Nature Asturias<\/span>\t\t\t\t<\/div>\n\t\t\t\t<\/div>\n\t\t\t\t<div class=\"elementor-element elementor-element-3a6b6a5 elementor-align-center elementor-widget elementor-widget-button\" data-id=\"3a6b6a5\" data-element_type=\"widget\" data-widget_type=\"button.default\">\n\t\t\t\t<div class=\"elementor-widget-container\">\n\t\t\t\t\t\t\t\t\t<div class=\"elementor-button-wrapper\">\n\t\t\t\t\t<a class=\"elementor-button elementor-button-link elementor-size-sm\" href=\"https:\/\/naturalezadeasturias.es\" target=\"_blank\" rel=\"nofollow\">\n\t\t\t\t\t\t<span class=\"elementor-button-content-wrapper\">\n\t\t\t\t\t\t\t\t\t<span class=\"elementor-button-text\">Visit link<\/span>\n\t\t\t\t\t<\/span>\n\t\t\t\t\t<\/a>\n\t\t\t\t<\/div>\n\t\t\t\t\t\t\t\t<\/div>\n\t\t\t\t<\/div>\n\t\t\t\t<\/div>\n\t\t\t\t<\/div>\n\t\t\t\t\t<\/div>\n\t\t\t\t<\/div>\n\t\t<div class=\"elementor-element elementor-element-ea50be2 e-flex e-con-boxed e-con e-parent\" data-id=\"ea50be2\" data-element_type=\"container\" data-settings=\"{&quot;background_background&quot;:&quot;classic&quot;}\">\n\t\t\t\t\t<div class=\"e-con-inner\">\n\t\t<div class=\"elementor-element elementor-element-43e7f87 e-con-full e-flex e-con e-child\" data-id=\"43e7f87\" data-element_type=\"container\" data-settings=\"{&quot;background_background&quot;:&quot;classic&quot;}\">\n\t\t\t\t<div class=\"elementor-element elementor-element-cce37df elementor-widget elementor-widget-heading\" data-id=\"cce37df\" data-element_type=\"widget\" data-widget_type=\"heading.default\">\n\t\t\t\t<div class=\"elementor-widget-container\">\n\t\t\t\t\t<h2 class=\"elementor-heading-title elementor-size-default\">Tips for enjoying a protected natural environment in a responsible manner\n\n<\/h2>\t\t\t\t<\/div>\n\t\t\t\t<\/div>\n\t\t\t\t<div class=\"elementor-element elementor-element-3beea1c elementor-widget elementor-widget-text-editor\" data-id=\"3beea1c\" data-element_type=\"widget\" data-widget_type=\"text-editor.default\">\n\t\t\t\t<div class=\"elementor-widget-container\">\n\t\t\t\t\t\t\t\t\t<ol>\n<li><strong>Responsibility<\/strong>: Visits to protected natural areas should be made with awareness and respect for the environment.<\/li>\n<li><strong>Planning<\/strong>: Get information from official sources about the location and check the weather forecast to be prepared.<\/li>\n<li><strong>Preparation<\/strong>: Wear appropriate clothing and footwear for the activities you plan, and adapt your plans to your physical capabilities.<\/li>\n<li><strong>Prevention<\/strong>: Complies with current health and safety standards.<\/li>\n<li><strong>Avoid crowds<\/strong>: Visit the area in small groups to minimize impact.<\/li>\n<li><strong>Health<\/strong>: If you are not feeling well, it is better to postpone the excursion.<\/li>\n<li><strong>Respect for fauna and flora<\/strong>: Do not interfere with animals or damage vegetation; keep a prudent distance.<\/li>\n<li><strong>Leave no trace<\/strong>: Take all the garbage you generate and dispose of it in the appropriate containers.<\/li>\n<li><strong>Consideration for neighbors<\/strong>: Respect local customs and avoid blocking private roads or access.<\/li>\n<li><strong>Support local consumption<\/strong>: Whenever possible, buy from local businesses and contribute to the local economy.<\/li>\n<\/ol>\n\t\t\t\t\t\t\t\t<\/div>\n\t\t\t\t<\/div>\n\t\t\t\t<\/div>\n\t\t\t\t\t<\/div>\n\t\t\t\t<\/div>\n\t\t\t\t<\/div>\n\t\t","protected":false},"excerpt":{"rendered":"<p>The privileged location of the council of Carre\u00f1o, in the center of Asturias and within the community of Cabo Pe\u00f1as, allows easy access to various destinations of interest. The Mar del Busto Rural Apartments, located in El Cantu, are only 2.5 km from the Tabaza Roundabout, which makes it easy to travel in a few [&hellip;]<\/p>\n","protected":false},"author":1,"featured_media":0,"parent":0,"menu_order":0,"comment_status":"closed","ping_status":"closed","template":"","meta":{"footnotes":""},"class_list":["post-988","page","type-page","status-publish","hentry"],"_links":{"self":[{"href":"https:\/\/mardelbusto.es\/en\/wp-json\/wp\/v2\/pages\/988"}],"collection":[{"href":"https:\/\/mardelbusto.es\/en\/wp-json\/wp\/v2\/pages"}],"about":[{"href":"https:\/\/mardelbusto.es\/en\/wp-json\/wp\/v2\/types\/page"}],"author":[{"embeddable":true,"href":"https:\/\/mardelbusto.es\/en\/wp-json\/wp\/v2\/users\/1"}],"replies":[{"embeddable":true,"href":"https:\/\/mardelbusto.es\/en\/wp-json\/wp\/v2\/comments?post=988"}],"version-history":[{"count":1,"href":"https:\/\/mardelbusto.es\/en\/wp-json\/wp\/v2\/pages\/988\/revisions"}],"predecessor-version":[{"id":989,"href":"https:\/\/mardelbusto.es\/en\/wp-json\/wp\/v2\/pages\/988\/revisions\/989"}],"wp:attachment":[{"href":"https:\/\/mardelbusto.es\/en\/wp-json\/wp\/v2\/media?parent=988"}],"curies":[{"name":"wp","href":"https:\/\/api.w.org\/{rel}","templated":true}]}}