{"id":992,"date":"2024-11-07T00:52:54","date_gmt":"2024-11-06T23:52:54","guid":{"rendered":"http:\/\/mardelbusto.es\/was-sie-besuchen-sollten\/"},"modified":"2024-11-13T03:35:41","modified_gmt":"2024-11-13T02:35:41","slug":"was-sie-besuchen-sollten","status":"publish","type":"page","link":"https:\/\/mardelbusto.es\/de\/was-sie-besuchen-sollten\/","title":{"rendered":"Was Sie besuchen sollten"},"content":{"rendered":"\t\t<div data-elementor-type=\"wp-page\" data-elementor-id=\"992\" class=\"elementor elementor-992 elementor-151\" data-elementor-post-type=\"page\">\n\t\t\t\t<div class=\"elementor-element elementor-element-1edce26 e-con-full e-flex e-con e-parent\" data-id=\"1edce26\" data-element_type=\"container\" data-settings=\"{&quot;background_background&quot;:&quot;classic&quot;}\">\n\t\t<div class=\"elementor-element elementor-element-c4f4aa7 e-con-full e-flex e-con e-child\" data-id=\"c4f4aa7\" data-element_type=\"container\" data-settings=\"{&quot;background_background&quot;:&quot;classic&quot;}\">\n\t\t\t\t<\/div>\n\t\t\t\t<\/div>\n\t\t<div class=\"elementor-element elementor-element-a35ac67 e-flex e-con-boxed e-con e-parent\" data-id=\"a35ac67\" data-element_type=\"container\">\n\t\t\t\t\t<div class=\"e-con-inner\">\n\t\t<div class=\"elementor-element elementor-element-eab443f e-con-full e-flex e-con e-child\" data-id=\"eab443f\" data-element_type=\"container\">\n\t\t\t\t<div class=\"elementor-element elementor-element-f6ed1f5 elementor-widget elementor-widget-image\" data-id=\"f6ed1f5\" data-element_type=\"widget\" data-widget_type=\"image.default\">\n\t\t\t\t<div class=\"elementor-widget-container\">\n\t\t\t\t\t\t\t\t\t\t\t\t\t\t\t<img fetchpriority=\"high\" decoding=\"async\" width=\"800\" height=\"498\" src=\"https:\/\/mardelbusto.es\/wp-content\/uploads\/2024\/11\/luanco-.jpg\" class=\"attachment-large size-large wp-image-276\" alt=\"\" srcset=\"https:\/\/mardelbusto.es\/wp-content\/uploads\/2024\/11\/luanco-.jpg 1024w, https:\/\/mardelbusto.es\/wp-content\/uploads\/2024\/11\/luanco--300x187.jpg 300w, https:\/\/mardelbusto.es\/wp-content\/uploads\/2024\/11\/luanco--768x478.jpg 768w\" sizes=\"(max-width: 800px) 100vw, 800px\" \/>\t\t\t\t\t\t\t\t\t\t\t\t\t\t\t<\/div>\n\t\t\t\t<\/div>\n\t\t\t\t<\/div>\n\t\t<div class=\"elementor-element elementor-element-87bb8e4 e-con-full e-flex e-con e-child\" data-id=\"87bb8e4\" data-element_type=\"container\">\n\t\t\t\t<div class=\"elementor-element elementor-element-59f6702 elementor-widget elementor-widget-text-editor\" data-id=\"59f6702\" data-element_type=\"widget\" data-widget_type=\"text-editor.default\">\n\t\t\t\t<div class=\"elementor-widget-container\">\n\t\t\t\t\t\t\t\t\t<p>Die privilegierte Lage der Gemeinde Carre\u00f1o im Zentrum von Asturien und innerhalb der Gemeinde Cabo Pe\u00f1as erm\u00f6glicht einen einfachen Zugang zu verschiedenen interessanten Zielen. Die Apartments Mar del Busto Rural in El Cantu sind nur 2,5 km vom Kreisverkehr Tabaza entfernt, so dass Sie die wichtigsten st\u00e4dtischen Zentren der Region in wenigen Minuten erreichen k\u00f6nnen: Avil\u00e9s (9 km), Gij\u00f3n (11 km), Oviedo (24 km), Cand\u00e1s (6 km), die Ferienstadt Perlora (7 km), Luanco (10 km) und Salinas (17 km). Dar\u00fcber hinaus ist das emblematische Cabo Pe\u00f1as, ein hervorragender Ort, um die asturische K\u00fcste zu bewundern, etwa 19 km entfernt.  <\/p>\n\t\t\t\t\t\t\t\t<\/div>\n\t\t\t\t<\/div>\n\t\t\t\t<\/div>\n\t\t\t\t\t<\/div>\n\t\t\t\t<\/div>\n\t\t<div class=\"elementor-element elementor-element-fededb2 e-flex e-con-boxed e-con e-parent\" data-id=\"fededb2\" data-element_type=\"container\" data-settings=\"{&quot;background_background&quot;:&quot;classic&quot;}\">\n\t\t\t\t\t<div class=\"e-con-inner\">\n\t\t<div class=\"elementor-element elementor-element-e51f0fe e-con-full e-flex e-con e-child\" data-id=\"e51f0fe\" data-element_type=\"container\">\n\t\t\t\t<div class=\"elementor-element elementor-element-28a2006 elementor-widget elementor-widget-text-editor\" data-id=\"28a2006\" data-element_type=\"widget\" data-widget_type=\"text-editor.default\">\n\t\t\t\t<div class=\"elementor-widget-container\">\n\t\t\t\t\t\t\t\t\t<p>F\u00fcr Strandliebhaber bietet diese Gegend eine Reihe von M\u00f6glichkeiten, die zu Fu\u00df erreichbar sind. Sie k\u00f6nnen Cand\u00e1s und den Strand G\u00faelgues (7 km), den Strand Carranques (8 km), den Strand Tranquero, den Strand Los Cristales und den Strand Aramar (9 km), den Strand Luanco (11 km), den Strand Ba\u00f1ugues (13 km) oder den Strand Verdicio und Xago (16 km) besuchen. Sie k\u00f6nnen auch den bekannten Strand von Salinas in nur 17 km Entfernung genie\u00dfen, perfekt f\u00fcr einen Tag am Meer und in der Sonne.  <\/p>\n<p>Der Flughafen von Asturien ist 24 km entfernt und erm\u00f6glicht nationale und internationale Verbindungen. Au\u00dferdem sind die wichtigsten Einkaufszentren der Provinz, wie der Parque Astur und der Parque Principado, nur 6 km bzw. 23 km entfernt und bieten Gesch\u00e4fte, Freizeitangebote und Dienstleistungen aller Art, um Ihren Aufenthalt zu vervollst\u00e4ndigen. <\/p>\n\t\t\t\t\t\t\t\t<\/div>\n\t\t\t\t<\/div>\n\t\t\t\t<\/div>\n\t\t<div class=\"elementor-element elementor-element-ea6cb15 e-con-full e-flex e-con e-child\" data-id=\"ea6cb15\" data-element_type=\"container\">\n\t\t\t\t<div class=\"elementor-element elementor-element-fe7759d elementor-widget elementor-widget-image\" data-id=\"fe7759d\" data-element_type=\"widget\" data-widget_type=\"image.default\">\n\t\t\t\t<div class=\"elementor-widget-container\">\n\t\t\t\t\t\t\t\t\t\t\t\t\t\t\t<img decoding=\"async\" width=\"800\" height=\"500\" src=\"https:\/\/mardelbusto.es\/wp-content\/uploads\/2024\/11\/IMG-BWFAGZ5-1024x640.jpg\" class=\"attachment-large size-large wp-image-71\" alt=\"\" srcset=\"https:\/\/mardelbusto.es\/wp-content\/uploads\/2024\/11\/IMG-BWFAGZ5-1024x640.jpg 1024w, https:\/\/mardelbusto.es\/wp-content\/uploads\/2024\/11\/IMG-BWFAGZ5-300x188.jpg 300w, https:\/\/mardelbusto.es\/wp-content\/uploads\/2024\/11\/IMG-BWFAGZ5-768x480.jpg 768w, https:\/\/mardelbusto.es\/wp-content\/uploads\/2024\/11\/IMG-BWFAGZ5-1536x960.jpg 1536w, https:\/\/mardelbusto.es\/wp-content\/uploads\/2024\/11\/IMG-BWFAGZ5.jpg 1800w\" sizes=\"(max-width: 800px) 100vw, 800px\" \/>\t\t\t\t\t\t\t\t\t\t\t\t\t\t\t<\/div>\n\t\t\t\t<\/div>\n\t\t\t\t<\/div>\n\t\t\t\t\t<\/div>\n\t\t\t\t<\/div>\n\t\t<div class=\"elementor-element elementor-element-de83bb2 e-flex e-con-boxed e-con e-parent\" data-id=\"de83bb2\" data-element_type=\"container\" data-settings=\"{&quot;background_background&quot;:&quot;classic&quot;}\">\n\t\t\t\t\t<div class=\"e-con-inner\">\n\t\t<div class=\"elementor-element elementor-element-95d36d8 e-con-full e-flex e-con e-child\" data-id=\"95d36d8\" data-element_type=\"container\">\n\t\t<div class=\"elementor-element elementor-element-2773c15 e-con-full e-flex e-con e-child\" data-id=\"2773c15\" data-element_type=\"container\" data-settings=\"{&quot;background_background&quot;:&quot;classic&quot;}\">\n\t\t\t\t<div class=\"elementor-element elementor-element-08b75cc elementor-widget elementor-widget-heading\" data-id=\"08b75cc\" data-element_type=\"widget\" data-widget_type=\"heading.default\">\n\t\t\t\t<div class=\"elementor-widget-container\">\n\t\t\t\t\t<span class=\"elementor-heading-title elementor-size-default\">Kap Pe\u00f1as<\/span>\t\t\t\t<\/div>\n\t\t\t\t<\/div>\n\t\t\t\t<div class=\"elementor-element elementor-element-ef02bb0 elementor-align-center elementor-widget elementor-widget-button\" data-id=\"ef02bb0\" data-element_type=\"widget\" data-widget_type=\"button.default\">\n\t\t\t\t<div class=\"elementor-widget-container\">\n\t\t\t\t\t\t\t\t\t<div class=\"elementor-button-wrapper\">\n\t\t\t\t\t<a class=\"elementor-button elementor-button-link elementor-size-sm\" href=\"https:\/\/www.turismoasturias.es\/turismo-rural\/centro\/itinerario1\" target=\"_blank\" rel=\"nofollow\">\n\t\t\t\t\t\t<span class=\"elementor-button-content-wrapper\">\n\t\t\t\t\t\t\t\t\t<span class=\"elementor-button-text\">Link besuchen<\/span>\n\t\t\t\t\t<\/span>\n\t\t\t\t\t<\/a>\n\t\t\t\t<\/div>\n\t\t\t\t\t\t\t\t<\/div>\n\t\t\t\t<\/div>\n\t\t\t\t<\/div>\n\t\t<div class=\"elementor-element elementor-element-0d0e11a e-con-full e-flex e-con e-child\" data-id=\"0d0e11a\" data-element_type=\"container\" data-settings=\"{&quot;background_background&quot;:&quot;classic&quot;}\">\n\t\t\t\t<div class=\"elementor-element elementor-element-8c683a6 elementor-widget elementor-widget-heading\" data-id=\"8c683a6\" data-element_type=\"widget\" data-widget_type=\"heading.default\">\n\t\t\t\t<div class=\"elementor-widget-container\">\n\t\t\t\t\t<span class=\"elementor-heading-title elementor-size-default\">Aviles<\/span>\t\t\t\t<\/div>\n\t\t\t\t<\/div>\n\t\t\t\t<div class=\"elementor-element elementor-element-4120923 elementor-align-center elementor-widget elementor-widget-button\" data-id=\"4120923\" data-element_type=\"widget\" data-widget_type=\"button.default\">\n\t\t\t\t<div class=\"elementor-widget-container\">\n\t\t\t\t\t\t\t\t\t<div class=\"elementor-button-wrapper\">\n\t\t\t\t\t<a class=\"elementor-button elementor-button-link elementor-size-sm\" href=\"https:\/\/www.turismoasturias.es\/descubre\/ciudades\/aviles\" target=\"_blank\" rel=\"nofollow\">\n\t\t\t\t\t\t<span class=\"elementor-button-content-wrapper\">\n\t\t\t\t\t\t\t\t\t<span class=\"elementor-button-text\">Link besuchen<\/span>\n\t\t\t\t\t<\/span>\n\t\t\t\t\t<\/a>\n\t\t\t\t<\/div>\n\t\t\t\t\t\t\t\t<\/div>\n\t\t\t\t<\/div>\n\t\t\t\t<\/div>\n\t\t<div class=\"elementor-element elementor-element-57414f3 e-con-full e-flex e-con e-child\" data-id=\"57414f3\" data-element_type=\"container\" data-settings=\"{&quot;background_background&quot;:&quot;classic&quot;}\">\n\t\t\t\t<div class=\"elementor-element elementor-element-a9c497e elementor-widget elementor-widget-heading\" data-id=\"a9c497e\" data-element_type=\"widget\" data-widget_type=\"heading.default\">\n\t\t\t\t<div class=\"elementor-widget-container\">\n\t\t\t\t\t<span class=\"elementor-heading-title elementor-size-default\">Gij\u00f3n<\/span>\t\t\t\t<\/div>\n\t\t\t\t<\/div>\n\t\t\t\t<div class=\"elementor-element elementor-element-bea7096 elementor-align-center elementor-widget elementor-widget-button\" data-id=\"bea7096\" data-element_type=\"widget\" data-widget_type=\"button.default\">\n\t\t\t\t<div class=\"elementor-widget-container\">\n\t\t\t\t\t\t\t\t\t<div class=\"elementor-button-wrapper\">\n\t\t\t\t\t<a class=\"elementor-button elementor-button-link elementor-size-sm\" href=\"https:\/\/www.turismoasturias.es\/descubre\/ciudades\/gijon\" target=\"_blank\" rel=\"nofollow\">\n\t\t\t\t\t\t<span class=\"elementor-button-content-wrapper\">\n\t\t\t\t\t\t\t\t\t<span class=\"elementor-button-text\">Link besuchen<\/span>\n\t\t\t\t\t<\/span>\n\t\t\t\t\t<\/a>\n\t\t\t\t<\/div>\n\t\t\t\t\t\t\t\t<\/div>\n\t\t\t\t<\/div>\n\t\t\t\t<\/div>\n\t\t<div class=\"elementor-element elementor-element-556c215 e-con-full e-flex e-con e-child\" data-id=\"556c215\" data-element_type=\"container\" data-settings=\"{&quot;background_background&quot;:&quot;classic&quot;}\">\n\t\t\t\t<div class=\"elementor-element elementor-element-246eecf elementor-widget elementor-widget-heading\" data-id=\"246eecf\" data-element_type=\"widget\" data-widget_type=\"heading.default\">\n\t\t\t\t<div class=\"elementor-widget-container\">\n\t\t\t\t\t<span class=\"elementor-heading-title elementor-size-default\">Oviedo<\/span>\t\t\t\t<\/div>\n\t\t\t\t<\/div>\n\t\t\t\t<div class=\"elementor-element elementor-element-1a4c758 elementor-align-center elementor-widget elementor-widget-button\" data-id=\"1a4c758\" data-element_type=\"widget\" data-widget_type=\"button.default\">\n\t\t\t\t<div class=\"elementor-widget-container\">\n\t\t\t\t\t\t\t\t\t<div class=\"elementor-button-wrapper\">\n\t\t\t\t\t<a class=\"elementor-button elementor-button-link elementor-size-sm\" href=\"https:\/\/www.turismoasturias.es\/descubre\/ciudades\/oviedo\" target=\"_blank\" rel=\"nofollow\">\n\t\t\t\t\t\t<span class=\"elementor-button-content-wrapper\">\n\t\t\t\t\t\t\t\t\t<span class=\"elementor-button-text\">Link besuchen<\/span>\n\t\t\t\t\t<\/span>\n\t\t\t\t\t<\/a>\n\t\t\t\t<\/div>\n\t\t\t\t\t\t\t\t<\/div>\n\t\t\t\t<\/div>\n\t\t\t\t<\/div>\n\t\t\t\t<\/div>\n\t\t<div class=\"elementor-element elementor-element-b3c14e0 e-con-full e-flex e-con e-child\" data-id=\"b3c14e0\" data-element_type=\"container\">\n\t\t<div class=\"elementor-element elementor-element-bee60d8 e-con-full e-flex e-con e-child\" data-id=\"bee60d8\" data-element_type=\"container\" data-settings=\"{&quot;background_background&quot;:&quot;classic&quot;}\">\n\t\t\t\t<div class=\"elementor-element elementor-element-db93dec elementor-widget elementor-widget-heading\" data-id=\"db93dec\" data-element_type=\"widget\" data-widget_type=\"heading.default\">\n\t\t\t\t<div class=\"elementor-widget-container\">\n\t\t\t\t\t<span class=\"elementor-heading-title elementor-size-default\">Candas<\/span>\t\t\t\t<\/div>\n\t\t\t\t<\/div>\n\t\t\t\t<div class=\"elementor-element elementor-element-3d09865 elementor-align-center elementor-widget elementor-widget-button\" data-id=\"3d09865\" data-element_type=\"widget\" data-widget_type=\"button.default\">\n\t\t\t\t<div class=\"elementor-widget-container\">\n\t\t\t\t\t\t\t\t\t<div class=\"elementor-button-wrapper\">\n\t\t\t\t\t<a class=\"elementor-button elementor-button-link elementor-size-sm\" href=\"https:\/\/www.turismoasturias.es\/descubre\/donde-ir\/municipios\/carreno\" target=\"_blank\" rel=\"nofollow\">\n\t\t\t\t\t\t<span class=\"elementor-button-content-wrapper\">\n\t\t\t\t\t\t\t\t\t<span class=\"elementor-button-text\">Link besuchen<\/span>\n\t\t\t\t\t<\/span>\n\t\t\t\t\t<\/a>\n\t\t\t\t<\/div>\n\t\t\t\t\t\t\t\t<\/div>\n\t\t\t\t<\/div>\n\t\t\t\t<\/div>\n\t\t<div class=\"elementor-element elementor-element-068f33a e-con-full e-flex e-con e-child\" data-id=\"068f33a\" data-element_type=\"container\" data-settings=\"{&quot;background_background&quot;:&quot;classic&quot;}\">\n\t\t\t\t<div class=\"elementor-element elementor-element-b62674d elementor-widget elementor-widget-heading\" data-id=\"b62674d\" data-element_type=\"widget\" data-widget_type=\"heading.default\">\n\t\t\t\t<div class=\"elementor-widget-container\">\n\t\t\t\t\t<span class=\"elementor-heading-title elementor-size-default\">Luanco<\/span>\t\t\t\t<\/div>\n\t\t\t\t<\/div>\n\t\t\t\t<div class=\"elementor-element elementor-element-46c3e22 elementor-align-center elementor-widget elementor-widget-button\" data-id=\"46c3e22\" data-element_type=\"widget\" data-widget_type=\"button.default\">\n\t\t\t\t<div class=\"elementor-widget-container\">\n\t\t\t\t\t\t\t\t\t<div class=\"elementor-button-wrapper\">\n\t\t\t\t\t<a class=\"elementor-button elementor-button-link elementor-size-sm\" href=\"https:\/\/www.turismoasturias.es\/descubre\/donde-ir\/municipios\/gozon\" target=\"_blank\" rel=\"nofollow\">\n\t\t\t\t\t\t<span class=\"elementor-button-content-wrapper\">\n\t\t\t\t\t\t\t\t\t<span class=\"elementor-button-text\">Link besuchen<\/span>\n\t\t\t\t\t<\/span>\n\t\t\t\t\t<\/a>\n\t\t\t\t<\/div>\n\t\t\t\t\t\t\t\t<\/div>\n\t\t\t\t<\/div>\n\t\t\t\t<\/div>\n\t\t<div class=\"elementor-element elementor-element-f0e1e6f e-con-full e-flex e-con e-child\" data-id=\"f0e1e6f\" data-element_type=\"container\" data-settings=\"{&quot;background_background&quot;:&quot;classic&quot;}\">\n\t\t\t\t<div class=\"elementor-element elementor-element-7422a4f elementor-widget elementor-widget-heading\" data-id=\"7422a4f\" data-element_type=\"widget\" data-widget_type=\"heading.default\">\n\t\t\t\t<div class=\"elementor-widget-container\">\n\t\t\t\t\t<span class=\"elementor-heading-title elementor-size-default\">Salinas<\/span>\t\t\t\t<\/div>\n\t\t\t\t<\/div>\n\t\t\t\t<div class=\"elementor-element elementor-element-46afa12 elementor-align-center elementor-widget elementor-widget-button\" data-id=\"46afa12\" data-element_type=\"widget\" data-widget_type=\"button.default\">\n\t\t\t\t<div class=\"elementor-widget-container\">\n\t\t\t\t\t\t\t\t\t<div class=\"elementor-button-wrapper\">\n\t\t\t\t\t<a class=\"elementor-button elementor-button-link elementor-size-sm\" href=\"https:\/\/www.turismoasturias.es\/descubre\/donde-ir\/municipios\/castrillon\" target=\"_blank\" rel=\"nofollow\">\n\t\t\t\t\t\t<span class=\"elementor-button-content-wrapper\">\n\t\t\t\t\t\t\t\t\t<span class=\"elementor-button-text\">Link besuchen<\/span>\n\t\t\t\t\t<\/span>\n\t\t\t\t\t<\/a>\n\t\t\t\t<\/div>\n\t\t\t\t\t\t\t\t<\/div>\n\t\t\t\t<\/div>\n\t\t\t\t<\/div>\n\t\t<div class=\"elementor-element elementor-element-7480a10 e-con-full e-flex e-con e-child\" data-id=\"7480a10\" data-element_type=\"container\" data-settings=\"{&quot;background_background&quot;:&quot;classic&quot;}\">\n\t\t\t\t<div class=\"elementor-element elementor-element-91213ea elementor-widget elementor-widget-heading\" data-id=\"91213ea\" data-element_type=\"widget\" data-widget_type=\"heading.default\">\n\t\t\t\t<div class=\"elementor-widget-container\">\n\t\t\t\t\t<span class=\"elementor-heading-title elementor-size-default\">Natur Asturien<\/span>\t\t\t\t<\/div>\n\t\t\t\t<\/div>\n\t\t\t\t<div class=\"elementor-element elementor-element-3a6b6a5 elementor-align-center elementor-widget elementor-widget-button\" data-id=\"3a6b6a5\" data-element_type=\"widget\" data-widget_type=\"button.default\">\n\t\t\t\t<div class=\"elementor-widget-container\">\n\t\t\t\t\t\t\t\t\t<div class=\"elementor-button-wrapper\">\n\t\t\t\t\t<a class=\"elementor-button elementor-button-link elementor-size-sm\" href=\"https:\/\/naturalezadeasturias.es\" target=\"_blank\" rel=\"nofollow\">\n\t\t\t\t\t\t<span class=\"elementor-button-content-wrapper\">\n\t\t\t\t\t\t\t\t\t<span class=\"elementor-button-text\">Link besuchen<\/span>\n\t\t\t\t\t<\/span>\n\t\t\t\t\t<\/a>\n\t\t\t\t<\/div>\n\t\t\t\t\t\t\t\t<\/div>\n\t\t\t\t<\/div>\n\t\t\t\t<\/div>\n\t\t\t\t<\/div>\n\t\t\t\t\t<\/div>\n\t\t\t\t<\/div>\n\t\t<div class=\"elementor-element elementor-element-ea50be2 e-flex e-con-boxed e-con e-parent\" data-id=\"ea50be2\" data-element_type=\"container\" data-settings=\"{&quot;background_background&quot;:&quot;classic&quot;}\">\n\t\t\t\t\t<div class=\"e-con-inner\">\n\t\t<div class=\"elementor-element elementor-element-43e7f87 e-con-full e-flex e-con e-child\" data-id=\"43e7f87\" data-element_type=\"container\" data-settings=\"{&quot;background_background&quot;:&quot;classic&quot;}\">\n\t\t\t\t<div class=\"elementor-element elementor-element-cce37df elementor-widget elementor-widget-heading\" data-id=\"cce37df\" data-element_type=\"widget\" data-widget_type=\"heading.default\">\n\t\t\t\t<div class=\"elementor-widget-container\">\n\t\t\t\t\t<h2 class=\"elementor-heading-title elementor-size-default\">Tipps f\u00fcr einen verantwortungsvollen Umgang mit der gesch\u00fctzten Natur\n\n<\/h2>\t\t\t\t<\/div>\n\t\t\t\t<\/div>\n\t\t\t\t<div class=\"elementor-element elementor-element-3beea1c elementor-widget elementor-widget-text-editor\" data-id=\"3beea1c\" data-element_type=\"widget\" data-widget_type=\"text-editor.default\">\n\t\t\t\t<div class=\"elementor-widget-container\">\n\t\t\t\t\t\t\t\t\t<ol>\n<li><strong>Verantwortung<\/strong>: Besuche in gesch\u00fctzten Naturgebieten sollten mit Bewusstsein und Respekt f\u00fcr die Umwelt erfolgen.<\/li>\n<li><strong>Planung<\/strong>: Informieren Sie sich \u00fcber den Ort aus offiziellen Quellen und pr\u00fcfen Sie die Wettervorhersage, um vorbereitet zu sein.<\/li>\n<li><strong>Vorbereitung<\/strong>: Tragen Sie f\u00fcr die von Ihnen geplanten Aktivit\u00e4ten angemessene Kleidung und Schuhe und passen Sie Ihre Pl\u00e4ne an Ihre k\u00f6rperlichen F\u00e4higkeiten an.<\/li>\n<li><strong>Pr\u00e4vention<\/strong>: Entspricht den aktuellen Gesundheits- und Sicherheitsstandards.<\/li>\n<li><strong>Vermeiden Sie Menschenmassen<\/strong>: Besuchen Sie das Gebiet in kleinen Gruppen, um die Auswirkungen zu minimieren.<\/li>\n<li><strong>Gesundheit<\/strong>: Wenn Sie sich nicht wohl f\u00fchlen, ist es besser, den Ausflug zu verschieben.<\/li>\n<li><strong>Respekt vor Wildtieren<\/strong>: St\u00f6ren Sie keine Tiere und besch\u00e4digen Sie nicht die Vegetation; halten Sie einen Sicherheitsabstand ein.<\/li>\n<li><strong>Hinterlassen Sie keine Spuren<\/strong>: Nehmen Sie alle Abf\u00e4lle, die Sie erzeugen, mit und entsorgen Sie sie in den entsprechenden Beh\u00e4ltern.<\/li>\n<li><strong>Nehmen Sie R\u00fccksicht auf Ihre Nachbarn<\/strong>: Respektieren Sie die \u00f6rtlichen Gepflogenheiten und vermeiden Sie es, private Stra\u00dfen oder Zug\u00e4nge zu blockieren.<\/li>\n<li><strong>Unterst\u00fctzen Sie den lokalen Konsum<\/strong>: Kaufen Sie, wann immer m\u00f6glich, bei lokalen Unternehmen und tragen Sie zur lokalen Wirtschaft bei.<\/li>\n<\/ol>\n\t\t\t\t\t\t\t\t<\/div>\n\t\t\t\t<\/div>\n\t\t\t\t<\/div>\n\t\t\t\t\t<\/div>\n\t\t\t\t<\/div>\n\t\t\t\t<\/div>\n\t\t","protected":false},"excerpt":{"rendered":"<p>Die privilegierte Lage der Gemeinde Carre\u00f1o im Zentrum von Asturien und innerhalb der Gemeinde Cabo Pe\u00f1as erm\u00f6glicht einen einfachen Zugang zu verschiedenen interessanten Zielen. Die Apartments Mar del Busto Rural in El Cantu sind nur 2,5 km vom Kreisverkehr Tabaza entfernt, so dass Sie die wichtigsten st\u00e4dtischen Zentren der Region in wenigen Minuten erreichen k\u00f6nnen: [&hellip;]<\/p>\n","protected":false},"author":1,"featured_media":0,"parent":0,"menu_order":0,"comment_status":"closed","ping_status":"closed","template":"","meta":{"footnotes":""},"class_list":["post-992","page","type-page","status-publish","hentry"],"_links":{"self":[{"href":"https:\/\/mardelbusto.es\/de\/wp-json\/wp\/v2\/pages\/992"}],"collection":[{"href":"https:\/\/mardelbusto.es\/de\/wp-json\/wp\/v2\/pages"}],"about":[{"href":"https:\/\/mardelbusto.es\/de\/wp-json\/wp\/v2\/types\/page"}],"author":[{"embeddable":true,"href":"https:\/\/mardelbusto.es\/de\/wp-json\/wp\/v2\/users\/1"}],"replies":[{"embeddable":true,"href":"https:\/\/mardelbusto.es\/de\/wp-json\/wp\/v2\/comments?post=992"}],"version-history":[{"count":1,"href":"https:\/\/mardelbusto.es\/de\/wp-json\/wp\/v2\/pages\/992\/revisions"}],"predecessor-version":[{"id":993,"href":"https:\/\/mardelbusto.es\/de\/wp-json\/wp\/v2\/pages\/992\/revisions\/993"}],"wp:attachment":[{"href":"https:\/\/mardelbusto.es\/de\/wp-json\/wp\/v2\/media?parent=992"}],"curies":[{"name":"wp","href":"https:\/\/api.w.org\/{rel}","templated":true}]}}